{"id":1216,"date":"2021-09-30T13:13:56","date_gmt":"2021-09-30T12:13:56","guid":{"rendered":"https:\/\/www.ypto.be\/?page_id=1216"},"modified":"2024-02-12T11:35:48","modified_gmt":"2024-02-12T10:35:48","slug":"contact","status":"publish","type":"page","link":"https:\/\/www.ypto.be\/fr\/contact\/","title":{"rendered":"Contact"},"content":{"rendered":"<div id=\"pl-gb1216-69e22a013ff1d\"  class=\"panel-layout\" ><div id=\"pg-gb1216-69e22a013ff1d-0\"  class=\"panel-grid panel-has-style\" ><div class=\"banner banner-red lines-right siteorigin-panels-stretch panel-row-style panel-row-style-for-gb1216-69e22a013ff1d-0\" data-stretch-type=\"full\" ><div id=\"pgc-gb1216-69e22a013ff1d-0-0\"  class=\"panel-grid-cell\" ><div id=\"panel-gb1216-69e22a013ff1d-0-0-0\" class=\"so-panel widget widget_sow-editor panel-first-child panel-last-child\" data-index=\"0\" ><div class=\"knop knop-scroll panel-widget-style panel-widget-style-for-gb1216-69e22a013ff1d-0-0-0\" ><div\n\t\t\t\n\t\t\tclass=\"so-widget-sow-editor so-widget-sow-editor-base\"\n\t\t\t\n\t\t>\n<div class=\"siteorigin-widget-tinymce textwidget\">\n\t<h1>Contact<\/h1>\n<p><a href=\"#formulier\"><span class=\"TextRun SCXW70829971 BCX0\" lang=\"FR-FR\" xml:lang=\"FR-FR\" data-contrast=\"auto\"><span class=\"NormalTextRun SCXW70829971 BCX0\">R\u00e9digez un message<\/span><\/span><span class=\"EOP SCXW70829971 BCX0\" data-ccp-props=\"{&quot;201341983&quot;:0,&quot;335559739&quot;:160,&quot;335559740&quot;:259}\">\u00a0<\/span><\/a><\/p>\n<\/div>\n<\/div><\/div><\/div><\/div><\/div><\/div><div id=\"pg-gb1216-69e22a013ff1d-1\"  class=\"panel-grid panel-has-style\" ><div class=\"intro rij1_contact panel-row-style panel-row-style-for-gb1216-69e22a013ff1d-1\" id=\"formulier\" ><div id=\"pgc-gb1216-69e22a013ff1d-1-0\"  class=\"panel-grid-cell\" ><div id=\"panel-gb1216-69e22a013ff1d-1-0-0\" class=\"so-panel widget widget_sow-editor panel-first-child panel-last-child\" data-index=\"1\" ><div\n\t\t\t\n\t\t\tclass=\"so-widget-sow-editor so-widget-sow-editor-base\"\n\t\t\t\n\t\t>\n<div class=\"siteorigin-widget-tinymce textwidget\">\n\t<h3 style=\"text-align: left;\"><span class=\"TextRun SCXW261118365 BCX0\" lang=\"FR-FR\" xml:lang=\"FR-FR\" data-contrast=\"none\"><span class=\"NormalTextRun SCXW261118365 BCX0\" data-ccp-parastyle=\"heading 1\">Contactez-nous<\/span><\/span><\/h3>\n<p style=\"text-align: left;\"><span class=\"TextRun SCXW73227521 BCX0\" lang=\"FR-FR\" xml:lang=\"FR-FR\" data-contrast=\"auto\"><span class=\"NormalTextRun SCXW73227521 BCX0\">Vous avez une question\u202f? Envoyez-nous un message via le formulaire de contact ci-dessous.<\/span><\/span><span class=\"EOP SCXW73227521 BCX0\" data-ccp-props=\"{&quot;201341983&quot;:0,&quot;335559739&quot;:160,&quot;335559740&quot;:259}\">\u00a0<\/span><\/p>\n<p>Vous travaillez pour une soci\u00e9t\u00e9 de consultance\u00a0? Vous trouverez <a href=\"https:\/\/www.ypto.be\/fr\/systeme-de-qualification-societes-de-consultance\/\">ici<\/a> toutes les informations concernant notre syst\u00e8me de qualification.<\/p>\n\n<div class=\"wpcf7 no-js\" id=\"wpcf7-f1452-o1\" lang=\"fr-FR\" dir=\"ltr\" data-wpcf7-id=\"1452\">\n<div class=\"screen-reader-response\"><p role=\"status\" aria-live=\"polite\" aria-atomic=\"true\"><\/p> <ul><\/ul><\/div>\n<form action=\"\/fr\/wp-json\/wp\/v2\/pages\/1216#wpcf7-f1452-o1\" method=\"post\" class=\"wpcf7-form init\" aria-label=\"Formulaire de contact\" novalidate=\"novalidate\" data-status=\"init\">\n<fieldset class=\"hidden-fields-container\"><input type=\"hidden\" name=\"_wpcf7\" value=\"1452\" \/><input type=\"hidden\" name=\"_wpcf7_version\" value=\"6.1.5\" \/><input type=\"hidden\" name=\"_wpcf7_locale\" value=\"fr_FR\" \/><input type=\"hidden\" name=\"_wpcf7_unit_tag\" value=\"wpcf7-f1452-o1\" \/><input type=\"hidden\" name=\"_wpcf7_container_post\" value=\"0\" \/><input type=\"hidden\" name=\"_wpcf7_posted_data_hash\" value=\"\" \/><input type=\"hidden\" name=\"_wpcf7_recaptcha_response\" value=\"\" \/>\n<\/fieldset>\n<div>\n\t<p><label> Pr\u00e9nom<br \/>\n<span class=\"wpcf7-form-control-wrap\" data-name=\"your-firstname\"><input size=\"40\" maxlength=\"400\" class=\"wpcf7-form-control wpcf7-text wpcf7-validates-as-required\" aria-required=\"true\" aria-invalid=\"false\" value=\"\" type=\"text\" name=\"your-firstname\" \/><\/span> <\/label>\n\t<\/p>\n<\/div>\n<div>\n\t<p><label> Nom<br \/>\n<span class=\"wpcf7-form-control-wrap\" data-name=\"your-lastname\"><input size=\"40\" maxlength=\"400\" class=\"wpcf7-form-control wpcf7-text wpcf7-validates-as-required\" aria-required=\"true\" aria-invalid=\"false\" value=\"\" type=\"text\" name=\"your-lastname\" \/><\/span> <\/label>\n\t<\/p>\n<\/div>\n<div>\n\t<p><label> Adresse e-mail<br \/>\n<span class=\"wpcf7-form-control-wrap\" data-name=\"your-email\"><input size=\"40\" maxlength=\"400\" class=\"wpcf7-form-control wpcf7-email wpcf7-validates-as-required wpcf7-text wpcf7-validates-as-email\" aria-required=\"true\" aria-invalid=\"false\" value=\"\" type=\"email\" name=\"your-email\" \/><\/span> <\/label>\n\t<\/p>\n<\/div>\n<div>\n\t<p><label> Num\u00e9ro de t\u00e9l\u00e9phone<br \/>\n<span class=\"wpcf7-form-control-wrap\" data-name=\"your-phone\"><input size=\"40\" maxlength=\"400\" class=\"wpcf7-form-control wpcf7-text wpcf7-validates-as-required\" aria-required=\"true\" aria-invalid=\"false\" value=\"\" type=\"text\" name=\"your-phone\" \/><\/span> <\/label>\n\t<\/p>\n<\/div>\n<p><label> Votre message<br \/>\n<span class=\"wpcf7-form-control-wrap\" data-name=\"your-message\"><textarea cols=\"40\" rows=\"10\" maxlength=\"2000\" class=\"wpcf7-form-control wpcf7-textarea wpcf7-validates-as-required\" aria-required=\"true\" aria-invalid=\"false\" name=\"your-message\"><\/textarea><\/span> <\/label>\n<\/p>\n<p><span class=\"wpcf7-form-control-wrap\" data-name=\"your-privacy\"><span class=\"wpcf7-form-control wpcf7-acceptance\"><span class=\"wpcf7-list-item\"><label><input type=\"checkbox\" name=\"your-privacy\" value=\"1\" aria-invalid=\"false\" \/><span class=\"wpcf7-list-item-label\">En cochant cette case, je d\u00e9clare avoir lu et accept\u00e9 <a href=\"\/privacy-cookies\" target=\"_blank\">la politique<\/a> d\u2019Ypto en mati\u00e8re de vie priv\u00e9e en vertu de laquelle Ypto collecte et traite des donn\u00e9es \u00e0 caract\u00e8re personnel.<\/span><\/label><\/span><\/span><\/span>\n<\/p>\n<div class=\"wpcf7-response-output\" aria-hidden=\"true\"><\/div>\n<p><input class=\"wpcf7-form-control wpcf7-submit has-spinner\" type=\"submit\" value=\"Envoyer\" \/>\n<\/p>\n<\/form>\n<\/div>\n\n<\/div>\n<\/div><\/div><\/div><\/div><\/div><div id=\"pg-gb1216-69e22a013ff1d-2\"  class=\"panel-grid panel-has-style\" ><div class=\"rij2_contact siteorigin-panels-stretch panel-row-style panel-row-style-for-gb1216-69e22a013ff1d-2\" data-stretch-type=\"full\" ><div id=\"pgc-gb1216-69e22a013ff1d-2-0\"  class=\"panel-grid-cell\" ><div id=\"panel-gb1216-69e22a013ff1d-2-0-0\" class=\"so-panel widget widget_sow-editor panel-first-child panel-last-child\" data-index=\"2\" ><div\n\t\t\t\n\t\t\tclass=\"so-widget-sow-editor so-widget-sow-editor-base\"\n\t\t\t\n\t\t>\n<div class=\"siteorigin-widget-tinymce textwidget\">\n\t<p><strong><span class=\"TextRun SCXW149002747 BCX0\" lang=\"FR-FR\" xml:lang=\"FR-FR\" data-contrast=\"auto\"><span class=\"NormalTextRun SCXW149002747 BCX0\">Si\u00e8ge d\u2019<\/span><span class=\"SpellingError SCXW149002747 BCX0\">Ypto<br \/>\n<\/span><\/span><span class=\"TextRun  BCX0 SCXW206138937\" lang=\"FR-FR\" xml:lang=\"FR-FR\" data-contrast=\"auto\"><span class=\"NormalTextRun  BCX0 SCXW206138937\">Rue des Deux Gares, 84A<\/span><\/span><\/strong><br \/>\n<strong>B-1070 Anderlecht<\/strong><\/p>\n<p><span class=\"TextRun SCXW161235895 BCX0\" lang=\"FR-FR\" xml:lang=\"FR-FR\" data-contrast=\"auto\"><span class=\"NormalTextRun SCXW161235895 BCX0\">Nos bureaux se situant \u00e0 quelques pas de la gare de Bruxelles-Midi, le train constitue le moyen de transport le plus facile pour y acc\u00e9der.<\/span><\/span><\/p>\n<\/div>\n<\/div><\/div><\/div><div id=\"pgc-gb1216-69e22a013ff1d-2-1\"  class=\"panel-grid-cell\" ><div id=\"panel-gb1216-69e22a013ff1d-2-1-0\" class=\"widget_text so-panel widget widget_custom_html panel-first-child panel-last-child\" data-index=\"3\" ><div class=\"textwidget custom-html-widget\"><div class=\"iframe-container\"><div class=\"iframe-square\">\n\t<a href=\"https:\/\/goo.gl\/maps\/Y3QnXbenmq7un7JP6\" target=\"_blank\"><\/a>\n\t<iframe class=\"iframe-inner\" src=\"https:\/\/www.google.com\/maps\/embed?pb=!1m18!1m12!1m3!1d2519.9574046688545!2d4.323665325085031!3d50.831952897644385!2m3!1f0!2f0!3f0!3m2!1i1024!2i768!4f13.1!3m3!1m2!1s0x0%3A0x0!2zNTDCsDQ5JzU1LjAiTiA0wrAxOSczMy4xIkU!5e0!3m2!1sen!2sbe!4v1631866595648!5m2!1sen!2sbe\" width=\"600\" height=\"450\" style=\"border:0;\" allowfullscreen=\"\" loading=\"lazy\"><\/iframe>\n<\/div>\n<\/div><\/div><\/div><\/div><\/div><\/div><div id=\"pg-gb1216-69e22a013ff1d-3\"  class=\"panel-grid panel-has-style\" ><div class=\"rij3_contact panel-row-style panel-row-style-for-gb1216-69e22a013ff1d-3\" ><div id=\"pgc-gb1216-69e22a013ff1d-3-0\"  class=\"panel-grid-cell\" ><div id=\"panel-gb1216-69e22a013ff1d-3-0-0\" class=\"so-panel widget widget_sow-image panel-first-child\" data-index=\"4\" ><div\n\t\t\t\n\t\t\tclass=\"so-widget-sow-image so-widget-sow-image-default-8b5b6f678277-1216\"\n\t\t\t\n\t\t>\n<div class=\"sow-image-container\">\n\t\t<img \n\tsrc=\"https:\/\/www.ypto.be\/wp-content\/uploads\/2021\/09\/icon-transport.svg\" alt=\"Public transport icon | Ypto\" \t\tclass=\"so-widget-image\"\/>\n\t<\/div>\n\n<\/div><\/div><div id=\"panel-gb1216-69e22a013ff1d-3-0-1\" class=\"so-panel widget widget_sow-editor panel-last-child\" data-index=\"5\" ><div\n\t\t\t\n\t\t\tclass=\"so-widget-sow-editor so-widget-sow-editor-base\"\n\t\t\t\n\t\t>\n<div class=\"siteorigin-widget-tinymce textwidget\">\n\t<h3><span class=\"TextRun MacChromeBold SCXW92283341 BCX0\" lang=\"FR-FR\" xml:lang=\"FR-FR\" data-contrast=\"auto\"><span class=\"NormalTextRun SCXW92283341 BCX0\">Itin\u00e9raire<br \/>\n<\/span><\/span><span class=\"TextRun MacChromeBold SCXW92283341 BCX0\" lang=\"FR-FR\" xml:lang=\"FR-FR\" data-contrast=\"auto\"><span class=\"NormalTextRun SCXW92283341 BCX0\">en transports en commun<\/span><\/span><span class=\"EOP SCXW92283341 BCX0\" data-ccp-props=\"{&quot;201341983&quot;:0,&quot;335559739&quot;:160,&quot;335559740&quot;:259}\">\u00a0<\/span><\/h3>\n<p><span data-contrast=\"auto\">Gare SNCB de Bruxelles-Midi (liaison directe depuis Zaventem)<\/span><span data-ccp-props=\"{&quot;201341983&quot;:0,&quot;335559739&quot;:160,&quot;335559740&quot;:259}\"><br \/>\n<\/span><span data-contrast=\"auto\">M\u00e9tro\u202f2\u202fet\u202f6, arr\u00eat \u00ab\u202fGare du Midi\u202f\u00bb<\/span><span data-ccp-props=\"{&quot;201341983&quot;:0,&quot;335559739&quot;:160,&quot;335559740&quot;:259}\"><br \/>\n<\/span><span data-contrast=\"auto\">Tram\u202f3-4-51-81-82, arr\u00eat \u00ab\u202fGare du Midi\u202f\u00bb<\/span><span data-ccp-props=\"{&quot;201341983&quot;:0,&quot;335559739&quot;:160,&quot;335559740&quot;:259}\"><br \/>\n<\/span><span data-contrast=\"auto\">Bus\u202f27-49-50-78, arr\u00eat \u00ab\u202fGare du Midi\u202f\u00bb<\/span><span data-ccp-props=\"{&quot;201341983&quot;:0,&quot;335559739&quot;:160,&quot;335559740&quot;:259}\">\u00a0<\/span><\/p>\n<h3><\/h3>\n<h3><span class=\"TextRun MacChromeBold SCXW30196368 BCX0\" lang=\"FR-FR\" xml:lang=\"FR-FR\" data-contrast=\"auto\"><span class=\"NormalTextRun SCXW30196368 BCX0\">\u00c0 pied \u00e0 partir de la gare<br \/>\n(environ 10\u202fminutes)<\/span><\/span><span class=\"EOP SCXW30196368 BCX0\" data-ccp-props=\"{&quot;201341983&quot;:0,&quot;335559740&quot;:259}\">\u00a0<\/span><\/h3>\n<p><span data-contrast=\"auto\">Quittez le quai par le couloir sud et suivez la direction \u00ab\u202frue de France\u202f\u00bb.<\/span><span data-ccp-props=\"{&quot;201341983&quot;:0,&quot;335559739&quot;:160,&quot;335559740&quot;:259}\"><br \/>\n<\/span><span data-contrast=\"auto\">En quittant la gare, longez-la en prenant \u00e0 gauche sur la rue de France et continuez tout droit pendant environ 400\u202fm.<\/span><span data-ccp-props=\"{&quot;201341983&quot;:0,&quot;335559739&quot;:160,&quot;335559740&quot;:259}\"><br \/>\n<\/span><span data-contrast=\"auto\">Vous arrivez \u00e0 un carrefour. Continuez tout droit sur environ 600\u202fm (rue des Deux Gares). Sur votre gauche, vous verrez le b\u00e2timent The Rails, juste \u00e0 c\u00f4t\u00e9 du b\u00e2timent Proximus. Si vous n\u2019avez pas de badge, vous pouvez entrer par le parking du b\u00e2timent Proximus et sonner \u00e0 la porte du The Rails.\u00a0<\/span><span data-ccp-props=\"{&quot;201341983&quot;:0,&quot;335559739&quot;:160,&quot;335559740&quot;:259}\"><br \/>\n<\/span><span class=\"TextRun SCXW33786342 BCX0\" lang=\"FR-FR\" xml:lang=\"FR-FR\" data-contrast=\"auto\"><span class=\"NormalTextRun SCXW33786342 BCX0\">Une station \u00ab\u202f<\/span><span class=\"SpellingError SCXW33786342 BCX0\">Villo<\/span><span class=\"NormalTextRun SCXW33786342 BCX0\">\u202f\u00bb se trouve au coin de la rue de France et de la rue des V\u00e9t\u00e9rinaires.<\/span><\/span><span class=\"EOP SCXW33786342 BCX0\" data-ccp-props=\"{&quot;201341983&quot;:0,&quot;335559740&quot;:259}\">\u00a0<\/span><\/p>\n<\/div>\n<\/div><\/div><\/div><div id=\"pgc-gb1216-69e22a013ff1d-3-1\"  class=\"panel-grid-cell\" ><div id=\"panel-gb1216-69e22a013ff1d-3-1-0\" class=\"so-panel widget widget_sow-image panel-first-child\" data-index=\"6\" ><div\n\t\t\t\n\t\t\tclass=\"so-widget-sow-image so-widget-sow-image-default-8b5b6f678277-1216\"\n\t\t\t\n\t\t>\n<div class=\"sow-image-container\">\n\t\t<img \n\tsrc=\"https:\/\/www.ypto.be\/wp-content\/uploads\/2021\/09\/icon-car.svg\" alt=\"Car icon | Ypto\" \t\tclass=\"so-widget-image\"\/>\n\t<\/div>\n\n<\/div><\/div><div id=\"panel-gb1216-69e22a013ff1d-3-1-1\" class=\"so-panel widget widget_sow-editor panel-last-child\" data-index=\"7\" ><div\n\t\t\t\n\t\t\tclass=\"so-widget-sow-editor so-widget-sow-editor-base\"\n\t\t\t\n\t\t>\n<div class=\"siteorigin-widget-tinymce textwidget\">\n\t<h3><span class=\"TextRun MacChromeBold SCXW136263473 BCX0\" lang=\"FR-FR\" xml:lang=\"FR-FR\" data-contrast=\"auto\"><span class=\"NormalTextRun SCXW136263473 BCX0\">Itin\u00e9raire<br \/>\nen voiture<\/span><\/span><span class=\"EOP SCXW136263473 BCX0\" data-ccp-props=\"{&quot;201341983&quot;:0,&quot;335559740&quot;:259}\">\u00a0<\/span><\/h3>\n<p><strong>Depuis Louvain<\/strong><br \/>\n<span class=\"TextRun SCXW144537011 BCX0\" lang=\"FR-FR\" xml:lang=\"FR-FR\" data-contrast=\"auto\"><span class=\"NormalTextRun SCXW144537011 BCX0\">E40 direction Bruxelles, rejoindre la petite ceinture<\/span><\/span><span class=\"EOP SCXW144537011 BCX0\" data-ccp-props=\"{&quot;201341983&quot;:0,&quot;335559740&quot;:259}\">\u00a0<\/span><\/p>\n<p><strong><span class=\"TextRun Underlined SCXW31143201 BCX0\" lang=\"FR-FR\" xml:lang=\"FR-FR\" data-contrast=\"auto\"><span class=\"NormalTextRun SCXW31143201 BCX0\">Depuis Gand\/Ostende<\/span><\/span><span class=\"EOP SCXW31143201 BCX0\" data-ccp-props=\"{&quot;201341983&quot;:0,&quot;335559740&quot;:259}\">\u00a0<\/span><\/strong><br \/>\n<span class=\"TextRun SCXW90660287 BCX0\" lang=\"FR-FR\" xml:lang=\"FR-FR\" data-contrast=\"auto\"><span class=\"NormalTextRun SCXW90660287 BCX0\">E40 direction Bruxelles, rejoindre le R0 en direction de Mons<\/span><\/span><\/p>\n<p><strong>Depuis Namur<\/strong><br \/>\n<span class=\"TextRun SCXW197691164 BCX0\" lang=\"FR-FR\" xml:lang=\"FR-FR\" data-contrast=\"auto\"><span class=\"NormalTextRun SCXW197691164 BCX0\">E411 direction Bruxelles, rejoindre le R0 en direction de Gand et Ostende puis continuer en direction de Mons (E19)<\/span><\/span><\/p>\n<p><strong><span class=\"TextRun Underlined SCXW15129922 BCX0\" lang=\"FR-FR\" xml:lang=\"FR-FR\" data-contrast=\"auto\"><span class=\"NormalTextRun SCXW15129922 BCX0\">Depuis Mons\/Paris\/Lille<\/span><\/span><span class=\"EOP SCXW15129922 BCX0\" data-ccp-props=\"{&quot;201341983&quot;:0,&quot;335559740&quot;:259}\">\u00a0<\/span><\/strong><\/p>\n<p><span data-contrast=\"auto\">E19\/E429 direction Bruxelles, rejoindre le R0 en direction de Gand, Ostende et Bruxelles. <\/span><span data-contrast=\"auto\">Prendre la sortie\u202f17 \u00ab\u202fAnderlecht Industrie\u202f\u00bb.<\/span><\/p>\n<p><span class=\"TextRun SCXW139376468 BCX0\" lang=\"FR-FR\" xml:lang=\"FR-FR\" data-contrast=\"auto\"><span class=\"NormalTextRun SCXW139376468 BCX0\">Vous pouvez demander, au plus tard 24\u202fheures avant votre rendez-vous, de r\u00e9server une place sur notre parking visiteurs.<\/span><\/span><span class=\"EOP SCXW139376468 BCX0\" data-ccp-props=\"{&quot;201341983&quot;:0,&quot;335559740&quot;:259}\">\u00a0<\/span><\/p>\n<\/div>\n<\/div><\/div><\/div><\/div><\/div><\/div>","protected":false},"excerpt":{"rendered":"<p>Contact R\u00e9digez un message\u00a0 Contactez-nous Vous avez une question\u202f? Envoyez-nous un message via le formulaire de contact ci-dessous.\u00a0 Vous travaillez pour une soci\u00e9t\u00e9 de consultance\u00a0? Vous trouverez ici toutes les informations concernant notre syst\u00e8me de qualification.<\/p>\n","protected":false},"author":3,"featured_media":0,"parent":0,"menu_order":35,"comment_status":"closed","ping_status":"closed","template":"","meta":{"footnotes":""},"class_list":["post-1216","page","type-page","status-publish","hentry"],"yoast_head":"<!-- This site is optimized with the Yoast SEO plugin v27.3 - https:\/\/yoast.com\/product\/yoast-seo-wordpress\/ -->\n<title>Ypto \u2013 contactez-nous<\/title>\n<meta name=\"description\" content=\"Vous avez des questions sur ce que nous faisons chez Ypto ? Vous souhaitez discuter avec un recruteur ? Ou avez-vous une autre question ? Laissez-nous un message.\" \/>\n<meta name=\"robots\" content=\"index, follow, max-snippet:-1, max-image-preview:large, max-video-preview:-1\" \/>\n<link rel=\"canonical\" href=\"https:\/\/www.ypto.be\/fr\/contact\/\" \/>\n<meta property=\"og:locale\" content=\"fr_FR\" \/>\n<meta property=\"og:type\" content=\"article\" \/>\n<meta property=\"og:title\" content=\"Ypto \u2013 contactez-nous\" \/>\n<meta property=\"og:description\" content=\"Vous avez des questions sur ce que nous faisons chez Ypto ? Vous souhaitez discuter avec un recruteur ? Ou avez-vous une autre question ? Laissez-nous un message.\" \/>\n<meta property=\"og:url\" content=\"https:\/\/www.ypto.be\/fr\/contact\/\" \/>\n<meta property=\"og:site_name\" content=\"YPTO\" \/>\n<meta property=\"article:modified_time\" content=\"2024-02-12T10:35:48+00:00\" \/>\n<meta property=\"og:image\" content=\"https:\/\/www.ypto.be\/wp-content\/uploads\/2021\/09\/icon-transport.svg\" \/>\n<meta name=\"twitter:card\" content=\"summary_large_image\" \/>\n<meta name=\"twitter:label1\" content=\"Dur\u00e9e de lecture estim\u00e9e\" \/>\n\t<meta name=\"twitter:data1\" content=\"2 minutes\" \/>\n<script type=\"application\/ld+json\" class=\"yoast-schema-graph\">{\"@context\":\"https:\\\/\\\/schema.org\",\"@graph\":[{\"@type\":\"WebPage\",\"@id\":\"https:\\\/\\\/www.ypto.be\\\/fr\\\/contact\\\/\",\"url\":\"https:\\\/\\\/www.ypto.be\\\/fr\\\/contact\\\/\",\"name\":\"Ypto \u2013 contactez-nous\",\"isPartOf\":{\"@id\":\"https:\\\/\\\/www.ypto.be\\\/fr\\\/#website\"},\"primaryImageOfPage\":{\"@id\":\"https:\\\/\\\/www.ypto.be\\\/fr\\\/contact\\\/#primaryimage\"},\"image\":{\"@id\":\"https:\\\/\\\/www.ypto.be\\\/fr\\\/contact\\\/#primaryimage\"},\"thumbnailUrl\":\"https:\\\/\\\/www.ypto.be\\\/wp-content\\\/uploads\\\/2021\\\/09\\\/icon-transport.svg\",\"datePublished\":\"2021-09-30T12:13:56+00:00\",\"dateModified\":\"2024-02-12T10:35:48+00:00\",\"description\":\"Vous avez des questions sur ce que nous faisons chez Ypto ? Vous souhaitez discuter avec un recruteur ? Ou avez-vous une autre question ? Laissez-nous un message.\",\"breadcrumb\":{\"@id\":\"https:\\\/\\\/www.ypto.be\\\/fr\\\/contact\\\/#breadcrumb\"},\"inLanguage\":\"fr-FR\",\"potentialAction\":[{\"@type\":\"ReadAction\",\"target\":[\"https:\\\/\\\/www.ypto.be\\\/fr\\\/contact\\\/\"]}]},{\"@type\":\"ImageObject\",\"inLanguage\":\"fr-FR\",\"@id\":\"https:\\\/\\\/www.ypto.be\\\/fr\\\/contact\\\/#primaryimage\",\"url\":\"https:\\\/\\\/www.ypto.be\\\/wp-content\\\/uploads\\\/2021\\\/09\\\/icon-transport.svg\",\"contentUrl\":\"https:\\\/\\\/www.ypto.be\\\/wp-content\\\/uploads\\\/2021\\\/09\\\/icon-transport.svg\"},{\"@type\":\"BreadcrumbList\",\"@id\":\"https:\\\/\\\/www.ypto.be\\\/fr\\\/contact\\\/#breadcrumb\",\"itemListElement\":[{\"@type\":\"ListItem\",\"position\":1,\"name\":\"Home\",\"item\":\"https:\\\/\\\/www.ypto.be\\\/fr\\\/\"},{\"@type\":\"ListItem\",\"position\":2,\"name\":\"Contact\"}]},{\"@type\":\"WebSite\",\"@id\":\"https:\\\/\\\/www.ypto.be\\\/fr\\\/#website\",\"url\":\"https:\\\/\\\/www.ypto.be\\\/fr\\\/\",\"name\":\"YPTO\",\"description\":\"\",\"potentialAction\":[{\"@type\":\"SearchAction\",\"target\":{\"@type\":\"EntryPoint\",\"urlTemplate\":\"https:\\\/\\\/www.ypto.be\\\/fr\\\/?s={search_term_string}\"},\"query-input\":{\"@type\":\"PropertyValueSpecification\",\"valueRequired\":true,\"valueName\":\"search_term_string\"}}],\"inLanguage\":\"fr-FR\"}]}<\/script>\n<!-- \/ Yoast SEO plugin. -->","yoast_head_json":{"title":"Ypto \u2013 contactez-nous","description":"Vous avez des questions sur ce que nous faisons chez Ypto ? Vous souhaitez discuter avec un recruteur ? Ou avez-vous une autre question ? Laissez-nous un message.","robots":{"index":"index","follow":"follow","max-snippet":"max-snippet:-1","max-image-preview":"max-image-preview:large","max-video-preview":"max-video-preview:-1"},"canonical":"https:\/\/www.ypto.be\/fr\/contact\/","og_locale":"fr_FR","og_type":"article","og_title":"Ypto \u2013 contactez-nous","og_description":"Vous avez des questions sur ce que nous faisons chez Ypto ? Vous souhaitez discuter avec un recruteur ? Ou avez-vous une autre question ? Laissez-nous un message.","og_url":"https:\/\/www.ypto.be\/fr\/contact\/","og_site_name":"YPTO","article_modified_time":"2024-02-12T10:35:48+00:00","og_image":[{"url":"https:\/\/www.ypto.be\/wp-content\/uploads\/2021\/09\/icon-transport.svg","type":"","width":"","height":""}],"twitter_card":"summary_large_image","twitter_misc":{"Dur\u00e9e de lecture estim\u00e9e":"2 minutes"},"schema":{"@context":"https:\/\/schema.org","@graph":[{"@type":"WebPage","@id":"https:\/\/www.ypto.be\/fr\/contact\/","url":"https:\/\/www.ypto.be\/fr\/contact\/","name":"Ypto \u2013 contactez-nous","isPartOf":{"@id":"https:\/\/www.ypto.be\/fr\/#website"},"primaryImageOfPage":{"@id":"https:\/\/www.ypto.be\/fr\/contact\/#primaryimage"},"image":{"@id":"https:\/\/www.ypto.be\/fr\/contact\/#primaryimage"},"thumbnailUrl":"https:\/\/www.ypto.be\/wp-content\/uploads\/2021\/09\/icon-transport.svg","datePublished":"2021-09-30T12:13:56+00:00","dateModified":"2024-02-12T10:35:48+00:00","description":"Vous avez des questions sur ce que nous faisons chez Ypto ? Vous souhaitez discuter avec un recruteur ? Ou avez-vous une autre question ? Laissez-nous un message.","breadcrumb":{"@id":"https:\/\/www.ypto.be\/fr\/contact\/#breadcrumb"},"inLanguage":"fr-FR","potentialAction":[{"@type":"ReadAction","target":["https:\/\/www.ypto.be\/fr\/contact\/"]}]},{"@type":"ImageObject","inLanguage":"fr-FR","@id":"https:\/\/www.ypto.be\/fr\/contact\/#primaryimage","url":"https:\/\/www.ypto.be\/wp-content\/uploads\/2021\/09\/icon-transport.svg","contentUrl":"https:\/\/www.ypto.be\/wp-content\/uploads\/2021\/09\/icon-transport.svg"},{"@type":"BreadcrumbList","@id":"https:\/\/www.ypto.be\/fr\/contact\/#breadcrumb","itemListElement":[{"@type":"ListItem","position":1,"name":"Home","item":"https:\/\/www.ypto.be\/fr\/"},{"@type":"ListItem","position":2,"name":"Contact"}]},{"@type":"WebSite","@id":"https:\/\/www.ypto.be\/fr\/#website","url":"https:\/\/www.ypto.be\/fr\/","name":"YPTO","description":"","potentialAction":[{"@type":"SearchAction","target":{"@type":"EntryPoint","urlTemplate":"https:\/\/www.ypto.be\/fr\/?s={search_term_string}"},"query-input":{"@type":"PropertyValueSpecification","valueRequired":true,"valueName":"search_term_string"}}],"inLanguage":"fr-FR"}]}},"_links":{"self":[{"href":"https:\/\/www.ypto.be\/fr\/wp-json\/wp\/v2\/pages\/1216","targetHints":{"allow":["GET"]}}],"collection":[{"href":"https:\/\/www.ypto.be\/fr\/wp-json\/wp\/v2\/pages"}],"about":[{"href":"https:\/\/www.ypto.be\/fr\/wp-json\/wp\/v2\/types\/page"}],"author":[{"embeddable":true,"href":"https:\/\/www.ypto.be\/fr\/wp-json\/wp\/v2\/users\/3"}],"replies":[{"embeddable":true,"href":"https:\/\/www.ypto.be\/fr\/wp-json\/wp\/v2\/comments?post=1216"}],"version-history":[{"count":4,"href":"https:\/\/www.ypto.be\/fr\/wp-json\/wp\/v2\/pages\/1216\/revisions"}],"predecessor-version":[{"id":2360,"href":"https:\/\/www.ypto.be\/fr\/wp-json\/wp\/v2\/pages\/1216\/revisions\/2360"}],"wp:attachment":[{"href":"https:\/\/www.ypto.be\/fr\/wp-json\/wp\/v2\/media?parent=1216"}],"curies":[{"name":"wp","href":"https:\/\/api.w.org\/{rel}","templated":true}]}}