{"id":2353,"date":"2024-02-09T15:41:12","date_gmt":"2024-02-09T14:41:12","guid":{"rendered":"https:\/\/www.ypto.be\/kwalificatiesysteem-voor-consultancybedrijven\/"},"modified":"2025-05-20T14:48:35","modified_gmt":"2025-05-20T13:48:35","slug":"systeme-de-qualification-prestataires-de-services-digitaux","status":"publish","type":"page","link":"https:\/\/www.ypto.be\/fr\/systeme-de-qualification-prestataires-de-services-digitaux\/","title":{"rendered":"Syst\u00e8me de qualification pour prestataires de services digitaux"},"content":{"rendered":"<div id=\"pl-gb2353-69e20b65112f1\"  class=\"panel-layout wp-block-siteorigin-panels-layout-block\" ><div id=\"pg-gb2353-69e20b65112f1-0\"  class=\"panel-grid panel-has-style\" ><div class=\"banner vacature-header siteorigin-panels-stretch panel-row-style panel-row-style-for-gb2353-69e20b65112f1-0\" data-stretch-type=\"full\" ><div id=\"pgc-gb2353-69e20b65112f1-0-0\"  class=\"panel-grid-cell\" ><div id=\"panel-gb2353-69e20b65112f1-0-0-0\" class=\"so-panel widget widget_sow-editor panel-first-child panel-last-child\" data-index=\"0\" ><div class=\"panel-widget-style panel-widget-style-for-gb2353-69e20b65112f1-0-0-0\" ><div\n\t\t\t\n\t\t\tclass=\"so-widget-sow-editor so-widget-sow-editor-base\"\n\t\t\t\n\t\t>\n<div class=\"siteorigin-widget-tinymce textwidget\">\n\t<h1>Syst\u00e8me de qualification pour prestataires de services digitaux<\/h1>\n<\/div>\n<\/div><\/div><\/div><\/div><\/div><\/div><div id=\"pg-gb2353-69e20b65112f1-1\"  class=\"panel-grid panel-has-style\" ><div class=\"intro text-page panel-row-style panel-row-style-for-gb2353-69e20b65112f1-1\" ><div id=\"pgc-gb2353-69e20b65112f1-1-0\"  class=\"panel-grid-cell\" ><div id=\"panel-gb2353-69e20b65112f1-1-0-0\" class=\"so-panel widget widget_sow-editor panel-first-child panel-last-child\" data-index=\"1\" ><div\n\t\t\t\n\t\t\tclass=\"so-widget-sow-editor so-widget-sow-editor-base\"\n\t\t\t\n\t\t>\n<div class=\"siteorigin-widget-tinymce textwidget\">\n\t<p>L\u2019\u00e9quipe Purchasing d\u2019Ypto est responsable de l\u2019achat des travaux, des fournitures et des services n\u00e9cessaires au bon fonctionnement d\u2019Ypto. L\u2019ensemble de nos achats sont effectu\u00e9s dans le respect de la l\u00e9gislation sur les march\u00e9s publics.<\/p>\n<h2><span lang=\"FR\">Achat de services digitaux<\/span><\/h2>\n<p>Dans le cadre de ses march\u00e9s, Ypto fait r\u00e9guli\u00e8rement appel \u00e0 des prestataires de services digitaux dans les domaines des <strong>ICT<\/strong>, <strong>de la gestion de projet<\/strong>, du <strong>soutien administratif<\/strong>, etc.<\/p>\n<p>Ypto a mis en place un syst\u00e8me de qualification \u00e0 cet effet. Vous souhaitez, en tant que prestataire, fournir des services \u00e0 Ypto ? Dans ce cas, vous devrez r\u00e9pondre \u00e0 plusieurs conditions avant d\u2019\u00eatre reprise dans le syst\u00e8me de qualification. En tant que fournisseur qualifi\u00e9, vous serez inform\u00e9 de chaque nouvelle publication d\u2019un march\u00e9 par Ypto.<\/p>\n<h2><span lang=\"FR\">Comment devenir un fournisseur qualifi\u00e9\u00a0?<\/span><\/h2>\n<p>Vous pouvez proc\u00e9der de deux\u00a0mani\u00e8res\u00a0:<\/p>\n<ul>\n<li>Consultez les conditions de participation au syst\u00e8me de qualification d\u2019Ypto.\u00a0Vous les trouverez dans les documents suivants\u00a0:\n<ul>\n<li><a href=\"https:\/\/eur01.safelinks.protection.outlook.com\/?url=https%3A%2F%2Fespd.eop.bg%2F&amp;data=05%7C02%7Cmarion.coessens%40belgiantrain.be%7C7078ed25c76f465117ca08dc272c8443%7C7919ea654c524980bfcdce7ffd32f1ea%7C0%7C0%7C638428319342244092%7CUnknown%7CTWFpbGZsb3d8eyJWIjoiMC4wLjAwMDAiLCJQIjoiV2luMzIiLCJBTiI6Ik1haWwiLCJXVCI6Mn0%3D%7C0%7C%7C%7C&amp;sdata=fikgaJg54aCp%2Bu5yCjjqYM7mPDNWU3TAhZ7OH9bpLWQ%3D&amp;reserved=0\" target=\"_blank\" rel=\"noopener\">Syst\u00e8me de qualification<\/a><\/li>\n<li><a href=\"https:\/\/www.ypto.be\/wp-content\/uploads\/2024\/02\/BDA_FR.pdf\" target=\"_blank\" rel=\"noopener\">Bulletin des Adjudications<\/a><\/li>\n<\/ul>\n<\/li>\n<li>Vous devez ensuite compl\u00e9ter un document unique de march\u00e9 europ\u00e9en (DUME).\u00a0Vous le trouverez ici\u00a0: <a href=\"https:\/\/espd.eop.bg\/\" target=\"_blank\" rel=\"noopener\">https:\/\/espd.eop.bg\/<\/a>.\u00a0N\u2019oubliez pas les d\u00e9tails suivants\u00a0:\n<ul>\n<li>identit\u00e9 du soumissionnaire\u00a0: Ypto\u00a0S.A.<\/li>\n<li>titre de la proc\u00e9dure de passation de march\u00e9\u00a0: syst\u00e8me de qualification d\u2019Ypto<\/li>\n<li>num\u00e9ro de publication de l\u2019avis: 240554-2025<\/li>\n<li>num\u00e9ro de publication au JO S: 73\/2025<\/li>\n<li>date de publication: 15\/04\/2024<\/li>\n<\/ul>\n<\/li>\n<li>Sauvegardez le DUME aux formats PDF et XML.<\/li>\n<li>Envoyez ensuite la version PDF sign\u00e9e du DUME par e-mail \u00e0 Ypto \u00e0 l\u2019adresse <a href=\"mailto:contracting@belgiantrain.be\">contracting@belgiantrain.be<\/a>.<\/li>\n<\/ul>\n<p>Les documents qui ne sont pas correctement remplis (absence de r\u00e9f\u00e9rence, absence de signature par une personne autoris\u00e9e) ne seront pas accept\u00e9s.<\/p>\n<h2>Besoin de plus d\u2019informations\u00a0?<\/h2>\n<p>Pour plus d\u2019informations, contactez l\u2019\u00e9quipe Purchasing d\u2019Ypto via <a href=\"mailto:contracting@belgiantrain.be\">contracting@belgiantrain.be<\/a>.<\/p>\n<p>&nbsp;<\/p>\n<\/div>\n<\/div><\/div><\/div><\/div><\/div><\/div>","protected":false},"excerpt":{"rendered":"<p>Syst\u00e8me de qualification pour prestataires de services digitaux L\u2019\u00e9quipe Purchasing d\u2019Ypto est responsable de l\u2019achat des travaux, des fournitures et des services n\u00e9cessaires au bon fonctionnement d\u2019Ypto. L\u2019ensemble de nos achats sont effectu\u00e9s dans le respect de la l\u00e9gislation sur les march\u00e9s publics. Achat de services digitaux Dans le cadre de ses march\u00e9s, Ypto fait [&hellip;]<\/p>\n","protected":false},"author":2,"featured_media":0,"parent":0,"menu_order":0,"comment_status":"closed","ping_status":"closed","template":"","meta":{"footnotes":""},"class_list":["post-2353","page","type-page","status-publish","hentry"],"yoast_head":"<!-- This site is optimized with the Yoast SEO plugin v27.3 - https:\/\/yoast.com\/product\/yoast-seo-wordpress\/ -->\n<title>Syst\u00e8me de qualification pour prestataires de services digitaux - Ypto<\/title>\n<meta name=\"description\" content=\"Dans le cadre de ses march\u00e9s, Ypto fait r\u00e9guli\u00e8rement appel \u00e0 des prestataires de services digitales dans les domaines des TIC, de la gestion de projet, du soutien administratif, etc. Ypto a mis en place un syst\u00e8me de qualification \u00e0 cet effet.\" \/>\n<meta name=\"robots\" content=\"index, follow, max-snippet:-1, max-image-preview:large, max-video-preview:-1\" \/>\n<link rel=\"canonical\" href=\"https:\/\/www.ypto.be\/fr\/systeme-de-qualification-prestataires-de-services-digitaux\/\" \/>\n<meta property=\"og:locale\" content=\"fr_FR\" \/>\n<meta property=\"og:type\" content=\"article\" \/>\n<meta property=\"og:title\" content=\"Syst\u00e8me de qualification pour prestataires de services digitaux - Ypto\" \/>\n<meta property=\"og:description\" content=\"Dans le cadre de ses march\u00e9s, Ypto fait r\u00e9guli\u00e8rement appel \u00e0 des prestataires de services digitales dans les domaines des TIC, de la gestion de projet, du soutien administratif, etc. Ypto a mis en place un syst\u00e8me de qualification \u00e0 cet effet.\" \/>\n<meta property=\"og:url\" content=\"https:\/\/www.ypto.be\/fr\/systeme-de-qualification-prestataires-de-services-digitaux\/\" \/>\n<meta property=\"og:site_name\" content=\"YPTO\" \/>\n<meta property=\"article:modified_time\" content=\"2025-05-20T13:48:35+00:00\" \/>\n<meta name=\"twitter:card\" content=\"summary_large_image\" \/>\n<meta name=\"twitter:label1\" content=\"Dur\u00e9e de lecture estim\u00e9e\" \/>\n\t<meta name=\"twitter:data1\" content=\"2 minutes\" \/>\n<script type=\"application\/ld+json\" class=\"yoast-schema-graph\">{\"@context\":\"https:\\\/\\\/schema.org\",\"@graph\":[{\"@type\":\"WebPage\",\"@id\":\"https:\\\/\\\/www.ypto.be\\\/fr\\\/systeme-de-qualification-prestataires-de-services-digitaux\\\/\",\"url\":\"https:\\\/\\\/www.ypto.be\\\/fr\\\/systeme-de-qualification-prestataires-de-services-digitaux\\\/\",\"name\":\"Syst\u00e8me de qualification pour prestataires de services digitaux - Ypto\",\"isPartOf\":{\"@id\":\"https:\\\/\\\/www.ypto.be\\\/fr\\\/#website\"},\"datePublished\":\"2024-02-09T14:41:12+00:00\",\"dateModified\":\"2025-05-20T13:48:35+00:00\",\"description\":\"Dans le cadre de ses march\u00e9s, Ypto fait r\u00e9guli\u00e8rement appel \u00e0 des prestataires de services digitales dans les domaines des TIC, de la gestion de projet, du soutien administratif, etc. Ypto a mis en place un syst\u00e8me de qualification \u00e0 cet effet.\",\"breadcrumb\":{\"@id\":\"https:\\\/\\\/www.ypto.be\\\/fr\\\/systeme-de-qualification-prestataires-de-services-digitaux\\\/#breadcrumb\"},\"inLanguage\":\"fr-FR\",\"potentialAction\":[{\"@type\":\"ReadAction\",\"target\":[\"https:\\\/\\\/www.ypto.be\\\/fr\\\/systeme-de-qualification-prestataires-de-services-digitaux\\\/\"]}]},{\"@type\":\"BreadcrumbList\",\"@id\":\"https:\\\/\\\/www.ypto.be\\\/fr\\\/systeme-de-qualification-prestataires-de-services-digitaux\\\/#breadcrumb\",\"itemListElement\":[{\"@type\":\"ListItem\",\"position\":1,\"name\":\"Home\",\"item\":\"https:\\\/\\\/www.ypto.be\\\/fr\\\/\"},{\"@type\":\"ListItem\",\"position\":2,\"name\":\"Syst\u00e8me de qualification pour prestataires de services digitaux\"}]},{\"@type\":\"WebSite\",\"@id\":\"https:\\\/\\\/www.ypto.be\\\/fr\\\/#website\",\"url\":\"https:\\\/\\\/www.ypto.be\\\/fr\\\/\",\"name\":\"YPTO\",\"description\":\"\",\"potentialAction\":[{\"@type\":\"SearchAction\",\"target\":{\"@type\":\"EntryPoint\",\"urlTemplate\":\"https:\\\/\\\/www.ypto.be\\\/fr\\\/?s={search_term_string}\"},\"query-input\":{\"@type\":\"PropertyValueSpecification\",\"valueRequired\":true,\"valueName\":\"search_term_string\"}}],\"inLanguage\":\"fr-FR\"}]}<\/script>\n<!-- \/ Yoast SEO plugin. -->","yoast_head_json":{"title":"Syst\u00e8me de qualification pour prestataires de services digitaux - Ypto","description":"Dans le cadre de ses march\u00e9s, Ypto fait r\u00e9guli\u00e8rement appel \u00e0 des prestataires de services digitales dans les domaines des TIC, de la gestion de projet, du soutien administratif, etc. Ypto a mis en place un syst\u00e8me de qualification \u00e0 cet effet.","robots":{"index":"index","follow":"follow","max-snippet":"max-snippet:-1","max-image-preview":"max-image-preview:large","max-video-preview":"max-video-preview:-1"},"canonical":"https:\/\/www.ypto.be\/fr\/systeme-de-qualification-prestataires-de-services-digitaux\/","og_locale":"fr_FR","og_type":"article","og_title":"Syst\u00e8me de qualification pour prestataires de services digitaux - Ypto","og_description":"Dans le cadre de ses march\u00e9s, Ypto fait r\u00e9guli\u00e8rement appel \u00e0 des prestataires de services digitales dans les domaines des TIC, de la gestion de projet, du soutien administratif, etc. Ypto a mis en place un syst\u00e8me de qualification \u00e0 cet effet.","og_url":"https:\/\/www.ypto.be\/fr\/systeme-de-qualification-prestataires-de-services-digitaux\/","og_site_name":"YPTO","article_modified_time":"2025-05-20T13:48:35+00:00","twitter_card":"summary_large_image","twitter_misc":{"Dur\u00e9e de lecture estim\u00e9e":"2 minutes"},"schema":{"@context":"https:\/\/schema.org","@graph":[{"@type":"WebPage","@id":"https:\/\/www.ypto.be\/fr\/systeme-de-qualification-prestataires-de-services-digitaux\/","url":"https:\/\/www.ypto.be\/fr\/systeme-de-qualification-prestataires-de-services-digitaux\/","name":"Syst\u00e8me de qualification pour prestataires de services digitaux - Ypto","isPartOf":{"@id":"https:\/\/www.ypto.be\/fr\/#website"},"datePublished":"2024-02-09T14:41:12+00:00","dateModified":"2025-05-20T13:48:35+00:00","description":"Dans le cadre de ses march\u00e9s, Ypto fait r\u00e9guli\u00e8rement appel \u00e0 des prestataires de services digitales dans les domaines des TIC, de la gestion de projet, du soutien administratif, etc. Ypto a mis en place un syst\u00e8me de qualification \u00e0 cet effet.","breadcrumb":{"@id":"https:\/\/www.ypto.be\/fr\/systeme-de-qualification-prestataires-de-services-digitaux\/#breadcrumb"},"inLanguage":"fr-FR","potentialAction":[{"@type":"ReadAction","target":["https:\/\/www.ypto.be\/fr\/systeme-de-qualification-prestataires-de-services-digitaux\/"]}]},{"@type":"BreadcrumbList","@id":"https:\/\/www.ypto.be\/fr\/systeme-de-qualification-prestataires-de-services-digitaux\/#breadcrumb","itemListElement":[{"@type":"ListItem","position":1,"name":"Home","item":"https:\/\/www.ypto.be\/fr\/"},{"@type":"ListItem","position":2,"name":"Syst\u00e8me de qualification pour prestataires de services digitaux"}]},{"@type":"WebSite","@id":"https:\/\/www.ypto.be\/fr\/#website","url":"https:\/\/www.ypto.be\/fr\/","name":"YPTO","description":"","potentialAction":[{"@type":"SearchAction","target":{"@type":"EntryPoint","urlTemplate":"https:\/\/www.ypto.be\/fr\/?s={search_term_string}"},"query-input":{"@type":"PropertyValueSpecification","valueRequired":true,"valueName":"search_term_string"}}],"inLanguage":"fr-FR"}]}},"_links":{"self":[{"href":"https:\/\/www.ypto.be\/fr\/wp-json\/wp\/v2\/pages\/2353","targetHints":{"allow":["GET"]}}],"collection":[{"href":"https:\/\/www.ypto.be\/fr\/wp-json\/wp\/v2\/pages"}],"about":[{"href":"https:\/\/www.ypto.be\/fr\/wp-json\/wp\/v2\/types\/page"}],"author":[{"embeddable":true,"href":"https:\/\/www.ypto.be\/fr\/wp-json\/wp\/v2\/users\/2"}],"replies":[{"embeddable":true,"href":"https:\/\/www.ypto.be\/fr\/wp-json\/wp\/v2\/comments?post=2353"}],"version-history":[{"count":5,"href":"https:\/\/www.ypto.be\/fr\/wp-json\/wp\/v2\/pages\/2353\/revisions"}],"predecessor-version":[{"id":2644,"href":"https:\/\/www.ypto.be\/fr\/wp-json\/wp\/v2\/pages\/2353\/revisions\/2644"}],"wp:attachment":[{"href":"https:\/\/www.ypto.be\/fr\/wp-json\/wp\/v2\/media?parent=2353"}],"curies":[{"name":"wp","href":"https:\/\/api.w.org\/{rel}","templated":true}]}}