{"id":2418,"date":"2024-02-22T11:47:15","date_gmt":"2024-02-22T10:47:15","guid":{"rendered":"https:\/\/www.ypto.be\/young-graduates-programma\/"},"modified":"2025-03-31T09:40:49","modified_gmt":"2025-03-31T08:40:49","slug":"young-graduates-programma","status":"publish","type":"page","link":"https:\/\/www.ypto.be\/fr\/young-graduates-programma\/","title":{"rendered":"Programme Young Graduates"},"content":{"rendered":"<div id=\"pl-gb2418-69ee3c9dcf313\"  class=\"panel-layout wp-block-siteorigin-panels-layout-block\" ><div id=\"pg-gb2418-69ee3c9dcf313-0\"  class=\"panel-grid panel-has-style\" ><div class=\"banner siteorigin-panels-stretch panel-row-style panel-row-style-for-gb2418-69ee3c9dcf313-0\" data-stretch-type=\"full\" ><div id=\"pgc-gb2418-69ee3c9dcf313-0-0\"  class=\"panel-grid-cell\" ><div id=\"panel-gb2418-69ee3c9dcf313-0-0-0\" class=\"so-panel widget widget_sow-editor panel-first-child panel-last-child\" data-index=\"0\" ><div class=\"knop knop-scroll panel-widget-style panel-widget-style-for-gb2418-69ee3c9dcf313-0-0-0\" ><div\n\t\t\t\n\t\t\tclass=\"so-widget-sow-editor so-widget-sow-editor-base\"\n\t\t\t\n\t\t>\n<div class=\"siteorigin-widget-tinymce textwidget\">\n\t<h1>Programme Young Graduates<\/h1>\n<p><a href=\"#vacatures\">D\u00e9couvrir les offres d&#8217;emploi<\/a><\/p>\n<\/div>\n<\/div><\/div><\/div><\/div><\/div><\/div><div id=\"pg-gb2418-69ee3c9dcf313-1\"  class=\"panel-grid panel-has-style\" ><div class=\"square switch-mobile siteorigin-panels-stretch panel-row-style panel-row-style-for-gb2418-69ee3c9dcf313-1\" data-stretch-type=\"full-width-stretch\" ><div id=\"pgc-gb2418-69ee3c9dcf313-1-0\"  class=\"panel-grid-cell\" ><div id=\"panel-gb2418-69ee3c9dcf313-1-0-0\" class=\"so-panel widget widget_sow-editor panel-first-child panel-last-child\" data-index=\"1\" ><div class=\"knop panel-widget-style panel-widget-style-for-gb2418-69ee3c9dcf313-1-0-0\" ><div\n\t\t\t\n\t\t\tclass=\"so-widget-sow-editor so-widget-sow-editor-base\"\n\t\t\t\n\t\t>\n<div class=\"siteorigin-widget-tinymce textwidget\">\n\t<p><span style=\"text-decoration: underline;\"><b>De junior \u00e0 expert<\/b>\u00a0<\/span><\/p>\n<p><span data-contrast=\"auto\">Chez Ypto, nous estimons qu\u2019il est important d\u2019investir dans les talents de demain. Notre programme Young Graduates sur mesure nous permet de proposer aux jeunes dipl\u00f4m\u00e9\u00b7es un programme de mentorat intensif qui les pr\u00e9pare \u00e0 un poste chez Ypto. De cette fa\u00e7on, vous mettez d\u2019embl\u00e9e toutes les chances de votre c\u00f4t\u00e9 pour faire de votre d\u00e9but de carri\u00e8re chez Ypto un succ\u00e8s. Apr\u00e8s tout, en tant que junior, vous \u00eates notre futur\u00b7e expert\u00b7e.<\/span><span data-ccp-props=\"{&quot;201341983&quot;:0,&quot;335559739&quot;:160,&quot;335559740&quot;:259}\">\u00a0<\/span><\/p>\n<p><span data-contrast=\"auto\">Dans le cadre du programme Young Graduates, en tant que Junior IT Specialist, vous r\u00e9alisez la jonction entre l\u2019IT et notre client, la SNCB. Vous contribuez \u00e0 la num\u00e9risation de la SNCB et, dans les coulisses, vous impulsez des changements palpables pour les 18\u202f000 collaborateurs\u00b7rices de la SNCB.<\/span><span data-ccp-props=\"{&quot;201341983&quot;:0,&quot;335559739&quot;:160,&quot;335559740&quot;:259}\">\u00a0<\/span><\/p>\n<\/div>\n<\/div><\/div><\/div><\/div><div id=\"pgc-gb2418-69ee3c9dcf313-1-1\"  class=\"panel-grid-cell\" ><div id=\"panel-gb2418-69ee3c9dcf313-1-1-0\" class=\"widget_text so-panel widget widget_custom_html panel-first-child panel-last-child\" data-index=\"2\" ><div class=\"widget_text panel-widget-style panel-widget-style-for-gb2418-69ee3c9dcf313-1-1-0\" ><div class=\"textwidget custom-html-widget\"><\/div><\/div><\/div><\/div><\/div><\/div><div id=\"pg-gb2418-69ee3c9dcf313-2\"  class=\"panel-grid panel-has-style\" ><div class=\"strenghts siteorigin-panels-stretch panel-row-style panel-row-style-for-gb2418-69ee3c9dcf313-2\" data-stretch-type=\"full\" ><div id=\"pgc-gb2418-69ee3c9dcf313-2-0\"  class=\"panel-grid-cell\" ><div id=\"panel-gb2418-69ee3c9dcf313-2-0-0\" class=\"so-panel widget widget_siteorigin-panels-builder panel-first-child panel-last-child\" data-index=\"3\" ><div id=\"pl-w65d854c7cabe9\"  class=\"panel-layout wp-block-siteorigin-panels-layout-block\" ><div id=\"pg-w65d854c7cabe9-0\"  class=\"panel-grid panel-no-style\" ><div id=\"pgc-w65d854c7cabe9-0-0\"  class=\"panel-grid-cell\" ><div id=\"panel-w65d854c7cabe9-0-0-0\" class=\"so-panel widget widget_sow-image panel-first-child\" data-index=\"0\" ><div\n\t\t\t\n\t\t\tclass=\"so-widget-sow-image so-widget-sow-image-default-8b5b6f678277\"\n\t\t\t\n\t\t>\n<div class=\"sow-image-container\">\n\t\t<img \n\tsrc=\"https:\/\/www.ypto.be\/wp-content\/uploads\/2024\/02\/guy.png\" width=\"2312\" height=\"3456\" srcset=\"https:\/\/www.ypto.be\/wp-content\/uploads\/2024\/02\/guy.png 2312w, https:\/\/www.ypto.be\/wp-content\/uploads\/2024\/02\/guy-201x300.png 201w, https:\/\/www.ypto.be\/wp-content\/uploads\/2024\/02\/guy-685x1024.png 685w, https:\/\/www.ypto.be\/wp-content\/uploads\/2024\/02\/guy-768x1148.png 768w, https:\/\/www.ypto.be\/wp-content\/uploads\/2024\/02\/guy-1028x1536.png 1028w, https:\/\/www.ypto.be\/wp-content\/uploads\/2024\/02\/guy-1370x2048.png 1370w\" sizes=\"(max-width: 2312px) 100vw, 2312px\" alt=\"\" \t\tclass=\"so-widget-image\"\/>\n\t<\/div>\n\n<\/div><\/div><div id=\"panel-w65d854c7cabe9-0-0-1\" class=\"so-panel widget widget_sow-editor panel-last-child\" data-index=\"1\" ><div\n\t\t\t\n\t\t\tclass=\"so-widget-sow-editor so-widget-sow-editor-base\"\n\t\t\t\n\t\t>\n<div class=\"siteorigin-widget-tinymce textwidget\">\n\t<p style=\"text-align: center;\"><strong>\u00c0 qui ce programme s\u2019adresse-t-il\u202f?\u00a0<\/strong><\/p>\n<p style=\"text-align: center;\"><span data-contrast=\"auto\">Vous avez r\u00e9cemment obtenu un dipl\u00f4me de l\u2019enseignement sup\u00e9rieur, vous parlez couramment le fran\u00e7ais et\/ou le n\u00e9erlandais et vous vous exprimez ais\u00e9ment en anglais\u202f? Vous avez de surcro\u00eet soif d\u2019apprendre et des affinit\u00e9s avec le monde de l\u2019IT\u202f? Alors vous \u00eates la personne que nous recherchons\u202f!<\/span><\/p>\n<\/div>\n<\/div><\/div><\/div><div id=\"pgc-w65d854c7cabe9-0-1\"  class=\"panel-grid-cell\" ><div id=\"panel-w65d854c7cabe9-0-1-0\" class=\"so-panel widget widget_sow-image panel-first-child\" data-index=\"2\" ><div\n\t\t\t\n\t\t\tclass=\"so-widget-sow-image so-widget-sow-image-default-8b5b6f678277\"\n\t\t\t\n\t\t>\n<div class=\"sow-image-container\">\n\t\t<img \n\tsrc=\"https:\/\/www.ypto.be\/wp-content\/uploads\/2024\/02\/offer.png\" width=\"3726\" height=\"3456\" srcset=\"https:\/\/www.ypto.be\/wp-content\/uploads\/2024\/02\/offer.png 3726w, https:\/\/www.ypto.be\/wp-content\/uploads\/2024\/02\/offer-300x278.png 300w, https:\/\/www.ypto.be\/wp-content\/uploads\/2024\/02\/offer-1024x950.png 1024w, https:\/\/www.ypto.be\/wp-content\/uploads\/2024\/02\/offer-768x712.png 768w, https:\/\/www.ypto.be\/wp-content\/uploads\/2024\/02\/offer-1536x1425.png 1536w, https:\/\/www.ypto.be\/wp-content\/uploads\/2024\/02\/offer-2048x1900.png 2048w\" sizes=\"(max-width: 3726px) 100vw, 3726px\" alt=\"\" \t\tclass=\"so-widget-image\"\/>\n\t<\/div>\n\n<\/div><\/div><div id=\"panel-w65d854c7cabe9-0-1-1\" class=\"so-panel widget widget_sow-editor panel-last-child\" data-index=\"3\" ><div\n\t\t\t\n\t\t\tclass=\"so-widget-sow-editor so-widget-sow-editor-base\"\n\t\t\t\n\t\t>\n<div class=\"siteorigin-widget-tinymce textwidget\">\n\t<p style=\"text-align: center;\"><strong>Qu\u2019avons-nous \u00e0 vous offrir\u202f?\u00a0<\/strong><\/p>\n<p style=\"text-align: center;\"><span data-contrast=\"auto\">Nous soutenons votre d\u00e9veloppement par le biais d\u2019un programme intensif de formation et d\u2019accompagnement, tant au niveau des comp\u00e9tences humaines que techniques. Nous vous offrons un parcours de croissance et des perspectives de carri\u00e8re claires.<\/span><span data-ccp-props=\"{&quot;201341983&quot;:0,&quot;335559739&quot;:160,&quot;335559740&quot;:259}\">\u00a0<\/span><\/p>\n<\/div>\n<\/div><\/div><\/div><div id=\"pgc-w65d854c7cabe9-0-2\"  class=\"panel-grid-cell\" ><div id=\"panel-w65d854c7cabe9-0-2-0\" class=\"so-panel widget widget_sow-image panel-first-child\" data-index=\"4\" ><div\n\t\t\t\n\t\t\tclass=\"so-widget-sow-image so-widget-sow-image-default-8b5b6f678277\"\n\t\t\t\n\t\t>\n<div class=\"sow-image-container\">\n\t\t<img \n\tsrc=\"https:\/\/www.ypto.be\/wp-content\/uploads\/2021\/09\/Uitdagingen-2.png\" width=\"184\" height=\"153\" sizes=\"(max-width: 184px) 100vw, 184px\" title=\"Uitdagingen\" alt=\"Icoon uitdagingen: bergtop\" \t\tclass=\"so-widget-image\"\/>\n\t<\/div>\n\n<\/div><\/div><div id=\"panel-w65d854c7cabe9-0-2-1\" class=\"so-panel widget widget_sow-editor panel-last-child\" data-index=\"5\" ><div\n\t\t\t\n\t\t\tclass=\"so-widget-sow-editor so-widget-sow-editor-base\"\n\t\t\t\n\t\t>\n<div class=\"siteorigin-widget-tinymce textwidget\">\n\t<p style=\"text-align: center;\"><strong>Un parcours adapt\u00e9 \u00e0 vos besoins\u00a0<\/strong><\/p>\n<p style=\"text-align: center;\"><span data-contrast=\"auto\">Le programme peut \u00eatre suivi au sein de plusieurs d\u00e9partements. En fonction de votre formation, vous pourrez choisir parmi plusieurs voies celle qui vous permettra d\u2019exploiter pleinement vos talents.<\/span><span data-ccp-props=\"{&quot;201341983&quot;:0,&quot;335559739&quot;:160,&quot;335559740&quot;:259}\">\u00a0<\/span><\/p>\n<\/div>\n<\/div><\/div><\/div><\/div><\/div><\/div><\/div><\/div><\/div><div id=\"pg-gb2418-69ee3c9dcf313-3\"  class=\"panel-grid panel-has-style\" ><div class=\"square quote lines-left siteorigin-panels-stretch panel-row-style panel-row-style-for-gb2418-69ee3c9dcf313-3\" data-stretch-type=\"full-width-stretch\" ><div id=\"pgc-gb2418-69ee3c9dcf313-3-0\"  class=\"panel-grid-cell\" ><div id=\"panel-gb2418-69ee3c9dcf313-3-0-0\" class=\"so-panel widget widget_sow-editor panel-first-child panel-last-child\" data-index=\"4\" ><div class=\"knop panel-widget-style panel-widget-style-for-gb2418-69ee3c9dcf313-3-0-0\" ><div\n\t\t\t\n\t\t\tclass=\"so-widget-sow-editor so-widget-sow-editor-base\"\n\t\t\t\n\t\t>\n<div class=\"siteorigin-widget-tinymce textwidget\">\n\t<h2>Youssef Safer,<br \/>\nYoung Graduate chez Ypto<\/h2>\n<p><span class=\"NormalTextRun SCXW216345241 BCX8\">Gr\u00e2ce au programme Young <\/span><span class=\"NormalTextRun SpellingErrorV2Themed SCXW216345241 BCX8\">G<\/span><span class=\"NormalTextRun SpellingErrorV2Themed SCXW216345241 BCX8\">raduates<\/span><span class=\"NormalTextRun SCXW216345241 BCX8\"> d\u2019Ypto, <\/span><span class=\"NormalTextRun SCXW216345241 BCX8\">ma carri\u00e8re \u00e9volue positivement<\/span><span class=\"NormalTextRun SCXW216345241 BCX8\">. Je vais avoir <\/span><span class=\"NormalTextRun SCXW216345241 BCX8\">l\u2019o<\/span><span class=\"NormalTextRun SCXW216345241 BCX8\">ccasion<\/span> <span class=\"NormalTextRun SCXW216345241 BCX8\">de <\/span><span class=\"NormalTextRun SCXW216345241 BCX8\">travailler sur des projets importants<\/span><span class=\"NormalTextRun SCXW216345241 BCX8\">, tout en appliquant les acquis des formations <\/span><span class=\"NormalTextRun SpellingErrorV2Themed SCXW216345241 BCX8\">Y<\/span><span class=\"NormalTextRun SpellingErrorV2Themed SCXW216345241 BCX8\">ogy<\/span><span class=\"NormalTextRun SCXW216345241 BCX8\"> et des sessions de transfert de connaissances.<\/span><\/p>\n<p>&nbsp;<\/p>\n<\/div>\n<\/div><\/div><\/div><\/div><div id=\"pgc-gb2418-69ee3c9dcf313-3-1\"  class=\"panel-grid-cell\" ><div id=\"panel-gb2418-69ee3c9dcf313-3-1-0\" class=\"widget_text so-panel widget widget_custom_html panel-first-child panel-last-child\" data-index=\"5\" ><div class=\"widget_text panel-widget-style panel-widget-style-for-gb2418-69ee3c9dcf313-3-1-0\" ><div class=\"textwidget custom-html-widget\"><\/div><\/div><\/div><\/div><\/div><\/div><div id=\"pg-gb2418-69ee3c9dcf313-4\"  class=\"panel-grid panel-has-style\" ><div class=\"intro siteorigin-panels-stretch panel-row-style panel-row-style-for-gb2418-69ee3c9dcf313-4\" data-stretch-type=\"full\" ><div id=\"pgc-gb2418-69ee3c9dcf313-4-0\"  class=\"panel-grid-cell\" ><div id=\"panel-gb2418-69ee3c9dcf313-4-0-0\" class=\"so-panel widget widget_sow-editor panel-first-child\" data-index=\"6\" ><div class=\"knop panel-widget-style panel-widget-style-for-gb2418-69ee3c9dcf313-4-0-0\" id=\"vacatures\" ><div\n\t\t\t\n\t\t\tclass=\"so-widget-sow-editor so-widget-sow-editor-base\"\n\t\t\t\n\t\t>\n<div class=\"siteorigin-widget-tinymce textwidget\">\n\t<h3 style=\"text-align: center;\"><span class=\"TextRun Highlight SCXW114816984 BCX8\" lang=\"FR-FR\" xml:lang=\"FR-FR\" data-contrast=\"auto\"><span class=\"NormalTextRun SCXW114816984 BCX8\">Consultez les diff\u00e9rents postes vacants ci-dessous et posez votre candidature.<\/span><\/span><\/h3>\n<\/div>\n<\/div><\/div><\/div><div id=\"panel-gb2418-69ee3c9dcf313-4-0-1\" class=\"so-panel widget widget_siteorigin-panels-postloop panel-last-child\" data-index=\"7\" >\r\n<div id=\"pl-gb2418-69ee3c9e01462\"  class=\"panel-layout wp-block-siteorigin-panels-layout-block\" ><div id=\"pg-gb2418-69ee3c9e01462-0\"  class=\"panel-grid panel-has-style\" ><div class=\"intro empty-vacatures siteorigin-panels-stretch panel-row-style panel-row-style-for-gb2418-69ee3c9e01462-0\" id=\"vacatures\" data-stretch-type=\"full-width-stretch\" ><div id=\"pgc-gb2418-69ee3c9e01462-0-0\"  class=\"panel-grid-cell\" ><div id=\"panel-gb2418-69ee3c9e01462-0-0-0\" class=\"so-panel widget widget_sow-editor panel-first-child panel-last-child\" data-index=\"0\" ><div\n\t\t\t\n\t\t\tclass=\"so-widget-sow-editor so-widget-sow-editor-base\"\n\t\t\t\n\t\t>\n<div class=\"siteorigin-widget-tinymce textwidget\">\n\t<h3 style=\"text-align: center;\"><strong>Il n\u2019y a actuellement aucun poste vacant.<\/strong><\/h3>\n<p style=\"text-align: center;\">Il n\u2019y a actuellement aucun poste vacant.<br \/>\nCependant, vous pouvez toujours nous envoyer une candidature spontan\u00e9e : peut-\u00eatre y a-t-il une place pour vous dans notre organisation.<\/p>\n<\/div>\n<\/div><\/div><\/div><\/div><\/div><\/div>    <p style=\"text-align: center; margin-bottom: 100px;\" class=\"knop-blauw\">\r\n        <a href=\"https:\/\/www.ypto.be\/fr\/contact\/\" class=\"offer-link\">Candidature spontan\u00e9e<\/a>\r\n    <\/p>\r\n<\/div><\/div><\/div><\/div><\/div>","protected":false},"excerpt":{"rendered":"<p>Programme Young Graduates D\u00e9couvrir les offres d&#8217;emploi De junior \u00e0 expert\u00a0 Chez Ypto, nous estimons qu\u2019il est important d\u2019investir dans les talents de demain. Notre programme Young Graduates sur mesure nous permet de proposer aux jeunes dipl\u00f4m\u00e9\u00b7es un programme de mentorat intensif qui les pr\u00e9pare \u00e0 un poste chez Ypto. De cette fa\u00e7on, vous mettez [&hellip;]<\/p>\n","protected":false},"author":2,"featured_media":0,"parent":0,"menu_order":0,"comment_status":"closed","ping_status":"closed","template":"","meta":{"footnotes":""},"class_list":["post-2418","page","type-page","status-publish","hentry"],"yoast_head":"<!-- This site is optimized with the Yoast SEO plugin v27.3 - https:\/\/yoast.com\/product\/yoast-seo-wordpress\/ -->\n<title>Programme Young Graduates - Ypto<\/title>\n<meta name=\"description\" content=\"Notre programme Young Graduates sur mesure nous permet de proposer aux jeunes dipl\u00f4m\u00e9\u00b7es un programme de mentorat intensif qui les pr\u00e9pare \u00e0 un poste chez Ypto.\" \/>\n<meta name=\"robots\" content=\"index, follow, max-snippet:-1, max-image-preview:large, max-video-preview:-1\" \/>\n<link rel=\"canonical\" href=\"https:\/\/www.ypto.be\/fr\/young-graduates-programma\/\" \/>\n<meta property=\"og:locale\" content=\"fr_FR\" \/>\n<meta property=\"og:type\" content=\"article\" \/>\n<meta property=\"og:title\" content=\"Programme Young Graduates - Ypto\" \/>\n<meta property=\"og:description\" content=\"Notre programme Young Graduates sur mesure nous permet de proposer aux jeunes dipl\u00f4m\u00e9\u00b7es un programme de mentorat intensif qui les pr\u00e9pare \u00e0 un poste chez Ypto.\" \/>\n<meta property=\"og:url\" content=\"https:\/\/www.ypto.be\/fr\/young-graduates-programma\/\" \/>\n<meta property=\"og:site_name\" content=\"YPTO\" \/>\n<meta property=\"article:modified_time\" content=\"2025-03-31T08:40:49+00:00\" \/>\n<meta name=\"twitter:card\" content=\"summary_large_image\" \/>\n<meta name=\"twitter:label1\" content=\"Dur\u00e9e de lecture estim\u00e9e\" \/>\n\t<meta name=\"twitter:data1\" content=\"2 minutes\" \/>\n<script type=\"application\/ld+json\" class=\"yoast-schema-graph\">{\"@context\":\"https:\\\/\\\/schema.org\",\"@graph\":[{\"@type\":\"WebPage\",\"@id\":\"https:\\\/\\\/www.ypto.be\\\/fr\\\/young-graduates-programma\\\/\",\"url\":\"https:\\\/\\\/www.ypto.be\\\/fr\\\/young-graduates-programma\\\/\",\"name\":\"Programme Young Graduates - Ypto\",\"isPartOf\":{\"@id\":\"https:\\\/\\\/www.ypto.be\\\/fr\\\/#website\"},\"datePublished\":\"2024-02-22T10:47:15+00:00\",\"dateModified\":\"2025-03-31T08:40:49+00:00\",\"description\":\"Notre programme Young Graduates sur mesure nous permet de proposer aux jeunes dipl\u00f4m\u00e9\u00b7es un programme de mentorat intensif qui les pr\u00e9pare \u00e0 un poste chez Ypto.\",\"breadcrumb\":{\"@id\":\"https:\\\/\\\/www.ypto.be\\\/fr\\\/young-graduates-programma\\\/#breadcrumb\"},\"inLanguage\":\"fr-FR\",\"potentialAction\":[{\"@type\":\"ReadAction\",\"target\":[\"https:\\\/\\\/www.ypto.be\\\/fr\\\/young-graduates-programma\\\/\"]}]},{\"@type\":\"BreadcrumbList\",\"@id\":\"https:\\\/\\\/www.ypto.be\\\/fr\\\/young-graduates-programma\\\/#breadcrumb\",\"itemListElement\":[{\"@type\":\"ListItem\",\"position\":1,\"name\":\"Home\",\"item\":\"https:\\\/\\\/www.ypto.be\\\/fr\\\/\"},{\"@type\":\"ListItem\",\"position\":2,\"name\":\"Programme Young Graduates\"}]},{\"@type\":\"WebSite\",\"@id\":\"https:\\\/\\\/www.ypto.be\\\/fr\\\/#website\",\"url\":\"https:\\\/\\\/www.ypto.be\\\/fr\\\/\",\"name\":\"YPTO\",\"description\":\"\",\"potentialAction\":[{\"@type\":\"SearchAction\",\"target\":{\"@type\":\"EntryPoint\",\"urlTemplate\":\"https:\\\/\\\/www.ypto.be\\\/fr\\\/?s={search_term_string}\"},\"query-input\":{\"@type\":\"PropertyValueSpecification\",\"valueRequired\":true,\"valueName\":\"search_term_string\"}}],\"inLanguage\":\"fr-FR\"}]}<\/script>\n<!-- \/ Yoast SEO plugin. -->","yoast_head_json":{"title":"Programme Young Graduates - Ypto","description":"Notre programme Young Graduates sur mesure nous permet de proposer aux jeunes dipl\u00f4m\u00e9\u00b7es un programme de mentorat intensif qui les pr\u00e9pare \u00e0 un poste chez Ypto.","robots":{"index":"index","follow":"follow","max-snippet":"max-snippet:-1","max-image-preview":"max-image-preview:large","max-video-preview":"max-video-preview:-1"},"canonical":"https:\/\/www.ypto.be\/fr\/young-graduates-programma\/","og_locale":"fr_FR","og_type":"article","og_title":"Programme Young Graduates - Ypto","og_description":"Notre programme Young Graduates sur mesure nous permet de proposer aux jeunes dipl\u00f4m\u00e9\u00b7es un programme de mentorat intensif qui les pr\u00e9pare \u00e0 un poste chez Ypto.","og_url":"https:\/\/www.ypto.be\/fr\/young-graduates-programma\/","og_site_name":"YPTO","article_modified_time":"2025-03-31T08:40:49+00:00","twitter_card":"summary_large_image","twitter_misc":{"Dur\u00e9e de lecture estim\u00e9e":"2 minutes"},"schema":{"@context":"https:\/\/schema.org","@graph":[{"@type":"WebPage","@id":"https:\/\/www.ypto.be\/fr\/young-graduates-programma\/","url":"https:\/\/www.ypto.be\/fr\/young-graduates-programma\/","name":"Programme Young Graduates - Ypto","isPartOf":{"@id":"https:\/\/www.ypto.be\/fr\/#website"},"datePublished":"2024-02-22T10:47:15+00:00","dateModified":"2025-03-31T08:40:49+00:00","description":"Notre programme Young Graduates sur mesure nous permet de proposer aux jeunes dipl\u00f4m\u00e9\u00b7es un programme de mentorat intensif qui les pr\u00e9pare \u00e0 un poste chez Ypto.","breadcrumb":{"@id":"https:\/\/www.ypto.be\/fr\/young-graduates-programma\/#breadcrumb"},"inLanguage":"fr-FR","potentialAction":[{"@type":"ReadAction","target":["https:\/\/www.ypto.be\/fr\/young-graduates-programma\/"]}]},{"@type":"BreadcrumbList","@id":"https:\/\/www.ypto.be\/fr\/young-graduates-programma\/#breadcrumb","itemListElement":[{"@type":"ListItem","position":1,"name":"Home","item":"https:\/\/www.ypto.be\/fr\/"},{"@type":"ListItem","position":2,"name":"Programme Young Graduates"}]},{"@type":"WebSite","@id":"https:\/\/www.ypto.be\/fr\/#website","url":"https:\/\/www.ypto.be\/fr\/","name":"YPTO","description":"","potentialAction":[{"@type":"SearchAction","target":{"@type":"EntryPoint","urlTemplate":"https:\/\/www.ypto.be\/fr\/?s={search_term_string}"},"query-input":{"@type":"PropertyValueSpecification","valueRequired":true,"valueName":"search_term_string"}}],"inLanguage":"fr-FR"}]}},"_links":{"self":[{"href":"https:\/\/www.ypto.be\/fr\/wp-json\/wp\/v2\/pages\/2418","targetHints":{"allow":["GET"]}}],"collection":[{"href":"https:\/\/www.ypto.be\/fr\/wp-json\/wp\/v2\/pages"}],"about":[{"href":"https:\/\/www.ypto.be\/fr\/wp-json\/wp\/v2\/types\/page"}],"author":[{"embeddable":true,"href":"https:\/\/www.ypto.be\/fr\/wp-json\/wp\/v2\/users\/2"}],"replies":[{"embeddable":true,"href":"https:\/\/www.ypto.be\/fr\/wp-json\/wp\/v2\/comments?post=2418"}],"version-history":[{"count":6,"href":"https:\/\/www.ypto.be\/fr\/wp-json\/wp\/v2\/pages\/2418\/revisions"}],"predecessor-version":[{"id":2585,"href":"https:\/\/www.ypto.be\/fr\/wp-json\/wp\/v2\/pages\/2418\/revisions\/2585"}],"wp:attachment":[{"href":"https:\/\/www.ypto.be\/fr\/wp-json\/wp\/v2\/media?parent=2418"}],"curies":[{"name":"wp","href":"https:\/\/api.w.org\/{rel}","templated":true}]}}