{"id":503,"date":"2021-08-24T11:32:28","date_gmt":"2021-08-24T10:32:28","guid":{"rendered":"https:\/\/www.ypto.be\/wat-we-realiseren\/"},"modified":"2023-12-21T15:52:20","modified_gmt":"2023-12-21T14:52:20","slug":"nos-realisations","status":"publish","type":"page","link":"https:\/\/www.ypto.be\/fr\/nos-realisations\/","title":{"rendered":"Nos r\u00e9alisations"},"content":{"rendered":"<div id=\"pl-gb503-69f545f5bdc67\"  class=\"panel-layout\" ><div id=\"pg-gb503-69f545f5bdc67-0\"  class=\"panel-grid panel-has-style\" ><div class=\"banner banner-blue lines-right siteorigin-panels-stretch panel-row-style panel-row-style-for-gb503-69f545f5bdc67-0\" data-stretch-type=\"full\" ><div id=\"pgc-gb503-69f545f5bdc67-0-0\"  class=\"panel-grid-cell\" ><div id=\"panel-gb503-69f545f5bdc67-0-0-0\" class=\"so-panel widget widget_sow-editor panel-first-child panel-last-child\" data-index=\"0\" ><div class=\"knop knop-scroll panel-widget-style panel-widget-style-for-gb503-69f545f5bdc67-0-0-0\" ><div\n\t\t\t\n\t\t\tclass=\"so-widget-sow-editor so-widget-sow-editor-base\"\n\t\t\t\n\t\t>\n<div class=\"siteorigin-widget-tinymce textwidget\">\n\t<h1>Nos r\u00e9alisations<\/h1>\n<p><a href=\"#projecten\"><span class=\"NormalTextRun SCXW137281114 BCX0\">D\u00e9couvrir nos <\/span><span class=\"NormalTextRun SCXW137281114 BCX0\">r\u00e9alisations<\/span><\/a><\/p>\n<\/div>\n<\/div><\/div><\/div><\/div><\/div><\/div><div id=\"pg-gb503-69f545f5bdc67-1\"  class=\"panel-grid panel-has-style\" ><div class=\"square siteorigin-panels-stretch panel-row-style panel-row-style-for-gb503-69f545f5bdc67-1\" data-stretch-type=\"full-width-stretch\" ><div id=\"pgc-gb503-69f545f5bdc67-1-0\"  class=\"panel-grid-cell\" ><div id=\"panel-gb503-69f545f5bdc67-1-0-0\" class=\"widget_text so-panel widget widget_custom_html panel-first-child panel-last-child\" data-index=\"1\" ><div class=\"widget_text panel-widget-style panel-widget-style-for-gb503-69f545f5bdc67-1-0-0\" ><div class=\"textwidget custom-html-widget\"><\/div><\/div><\/div><\/div><div id=\"pgc-gb503-69f545f5bdc67-1-1\"  class=\"panel-grid-cell\" ><div id=\"panel-gb503-69f545f5bdc67-1-1-0\" class=\"so-panel widget widget_sow-editor panel-first-child panel-last-child\" data-index=\"2\" ><div\n\t\t\t\n\t\t\tclass=\"so-widget-sow-editor so-widget-sow-editor-base\"\n\t\t\t\n\t\t>\n<div class=\"siteorigin-widget-tinymce textwidget\">\n\t<p><span data-contrast=\"auto\">En tant que soci\u00e9t\u00e9 informatique de la SNCB,\u00a0Ypto\u00a0r\u00e9sout des probl\u00e8mes informatiques et con\u00e7oit de nouvelles solutions num\u00e9riques. Nous nous acquittons de ces missions en \u00e9troite collaboration avec notre client et soci\u00e9t\u00e9 m\u00e8re, la SNCB. La transformation num\u00e9rique des chemins de fer belges est notre objectif ultime. Cet objectif a une incidence sur l\u2019ensemble des passagers et du personnel de la SNCB.<\/span><span data-ccp-props=\"{&quot;201341983&quot;:0,&quot;335559739&quot;:160,&quot;335559740&quot;:259}\">\u00a0<\/span><\/p>\n<p><span data-contrast=\"auto\">Nos collaborateurs sont des sp\u00e9cialistes qui connaissent l\u2019informatique et l\u2019organisation complexe de la SNCB. Ensemble, nous entreprenons des projets stimulants et novateurs o\u00f9 la confiance, l\u2019autonomie et l\u2019initiative occupent une position centrale. Un lieu permettant d\u2019\u00e9voluer et de faire la diff\u00e9rence sur le plan \u00e9cologique et social\u202f: c\u2019est \u00e7a,\u00a0Ypto.<\/span><span data-ccp-props=\"{&quot;201341983&quot;:0,&quot;335559739&quot;:160,&quot;335559740&quot;:259}\">\u00a0<\/span><\/p>\n<\/div>\n<\/div><\/div><\/div><\/div><\/div><div id=\"pg-gb503-69f545f5bdc67-2\"  class=\"panel-grid panel-has-style\" ><div class=\"intro panel-row-style panel-row-style-for-gb503-69f545f5bdc67-2\" id=\"projets\" ><div id=\"pgc-gb503-69f545f5bdc67-2-0\"  class=\"panel-grid-cell\" ><div id=\"panel-gb503-69f545f5bdc67-2-0-0\" class=\"so-panel widget widget_sow-editor panel-first-child\" data-index=\"3\" ><div\n\t\t\t\n\t\t\tclass=\"so-widget-sow-editor so-widget-sow-editor-base\"\n\t\t\t\n\t\t>\n<div class=\"siteorigin-widget-tinymce textwidget\">\n\t<h3 style=\"text-align: center;\">Nos r\u00e9alisations<\/h3>\n<p style=\"text-align: center;\"><span class=\"TextRun SCXW2983384 BCX0\" lang=\"FR-FR\" xml:lang=\"FR-FR\" data-contrast=\"auto\"><span class=\"NormalTextRun SCXW2983384 BCX0\">En tant que d\u00e9partement IT de la SNCB,\u00a0<\/span><span class=\"SpellingError SCXW2983384 BCX0\">Ypto<\/span><span class=\"NormalTextRun SCXW2983384 BCX0\">\u00a0travaille sur de nombreux projets. Avec nos coll\u00e8gues de la SNCB et de TCS, notre partenaire informatique, nous num\u00e9risons et apportons des innovations \u00e0 l\u2019exp\u00e9rience de voyage de quelque 250\u202fmillions de passagers et \u00e0 l\u2019exp\u00e9rience professionnelle de 17\u202f500\u202fcollaborateurs SNCB. Envie de conna\u00eetre les projets sur lesquels nous travaillons\u202f? Vous trouverez ici quelques-unes de nos nombreuses r\u00e9alisations\u202f!<\/span><\/span><span class=\"EOP SCXW2983384 BCX0\" data-ccp-props=\"{&quot;201341983&quot;:0,&quot;335559739&quot;:160,&quot;335559740&quot;:259}\">\u00a0<\/span><\/p>\n<p>&nbsp;<\/p>\n<\/div>\n<\/div><\/div><div id=\"panel-gb503-69f545f5bdc67-2-0-1\" class=\"so-panel widget widget_siteorigin-panels-postloop panel-last-child\" data-index=\"4\" >\r\n    <div class=\"loop loop-realisaties\">\r\n              <a href=\"https:\/\/www.ypto.be\/fr\/r\u00e9alisation\/young-graduates-programma-interview-met-juliette\/\">\r\n          <div>\r\n            <div class=\"realisatie-image\" style=\"background-image: url('https:\/\/www.ypto.be\/wp-content\/uploads\/2025\/05\/ITW-yogy_Juliette-1.png');\"><\/div>\r\n            <div class=\"realisatie-content\">\r\n              <h4>Programme Young Graduates\u00a0<\/h4>\r\n              <p>Entretien avec Juliette Juliette est l\u2019une des Young Graduates d\u2019Ypto (Yogy) et fait partie de notre \u00e9quipe de Junior IT Specialists. Nous lui avons pos\u00e9 quelques questions sur son parcours, son int\u00e9gration et ses perspectives chez Ypto. Qu\u2019est-ce qui t\u2019a motiv\u00e9e \u00e0 rejoindre Ypto en tant que Yogy&nbsp;?Juliette : J\u2019ai \u00e9t\u00e9 s\u00e9duite par le programme [&hellip;]<\/p>\n              <span>Lire la suite<\/span>\r\n            <\/div>\r\n          <\/div>\r\n        <\/a>\r\n              <a href=\"https:\/\/www.ypto.be\/fr\/r\u00e9alisation\/fr-entretien-romain\/\">\r\n          <div>\r\n            <div class=\"realisatie-image\" style=\"background-image: url('https:\/\/www.ypto.be\/wp-content\/uploads\/2025\/03\/Untitled-1920-x-1080-px-1-1.png');\"><\/div>\r\n            <div class=\"realisatie-content\">\r\n              <h4>Programme Young Graduates\u00a0<\/h4>\r\n              <p>Entretien avec Romain Romain est l\u2019un de nos Young Graduates d\u2019Ypto (Yogy) et fait partie de notre \u00e9quipe de Junior IT Specialists. Nous lui avons pos\u00e9 quelques questions sur son parcours, son int\u00e9gration et ses perspectives chez Ypto. Qu\u2019est-ce que tu appr\u00e9cies dans le programme Yogy&nbsp;?Romain : C\u2019est motivant d\u2019\u00e9voluer dans une entreprise qui croit [&hellip;]<\/p>\n              <span>Lire la suite<\/span>\r\n            <\/div>\r\n          <\/div>\r\n        <\/a>\r\n              <a href=\"https:\/\/www.ypto.be\/fr\/r\u00e9alisation\/ladvanced-train-management-system\/\">\r\n          <div>\r\n            <div class=\"realisatie-image\" style=\"background-image: url('https:\/\/www.ypto.be\/wp-content\/uploads\/2022\/06\/ATMS_featuredimage.png');\"><\/div>\r\n            <div class=\"realisatie-content\">\r\n              <h4>l\u2019Advanced Train Management System<\/h4>\r\n              <p>Chaque jour, pr\u00e8s de 4&nbsp;000&nbsp;trains de voyageurs de la SNCB parcourent notre pays. De nombreuses donn\u00e9es (en temps r\u00e9el) sont n\u00e9cessaires pour que ce trafic soit le plus fluide possible. En tant que soci\u00e9t\u00e9 informatique de la SNCB, Ypto joue un r\u00f4le majeur dans ce domaine. Il existe actuellement plusieurs applications distinctes pour collecter et [&hellip;]<\/p>\n              <span>Lire la suite<\/span>\r\n            <\/div>\r\n          <\/div>\r\n        <\/a>\r\n              <a href=\"https:\/\/www.ypto.be\/fr\/r\u00e9alisation\/sap-la-base-des-processus-sncb\/\">\r\n          <div>\r\n            <div class=\"realisatie-image\" style=\"background-image: url('https:\/\/www.ypto.be\/wp-content\/uploads\/2021\/09\/Technics-1-scaled.jpg');\"><\/div>\r\n            <div class=\"realisatie-content\">\r\n              <h4>SAP : la base des processus SNCB<\/h4>\r\n              <p>Tout le personnel de la SNCB a d\u00e9j\u00e0 utilis\u00e9 au moins une fois les applications SAP de la SNCB. Elles permettent la planification, l\u2019ex\u00e9cution et l\u2019enregistrement de toutes les t\u00e2ches de nos collaborateurs afin que celles-ci puissent \u00eatre int\u00e9gr\u00e9es dans des rapports. Les applications SAP soutiennent de nombreux processus de gestion de la SNCB. Par [&hellip;]<\/p>\n              <span>Lire la suite<\/span>\r\n            <\/div>\r\n          <\/div>\r\n        <\/a>\r\n          <\/div>\r\n    <div class=\"knop-blauw knop-loadmore\"><a href=\"\" class=\"load_realisaties\">Chargez plus de r\u00e9alisations<\/a><\/div>\r\n<script type=\"text\/javascript\">\r\n  $(document).ready(function(){\r\n    var page = 2;\r\n    $(document).on(\"click\",\".knop-loadmore .load_realisaties\",function(e) {\r\n      e.preventDefault();\r\n      $(this).addClass('loading');\r\n\r\n      var data = {\r\n           'action': 'ypto_get_realisaties',\r\n           'page': page,\r\n       };\r\n\r\n       $.ajax({\r\n        type : \"POST\",\r\n        dataType : \"json\",\r\n        url : \"https:\/\/www.ypto.be\/wp-admin\/admin-ajax.php\",\r\n        data : {action: \"ypto_get_realisaties\", page: page, realisatieID: \"\", lang: \"fr\"},\r\n        success: function(response) {\r\n          $(response['posts']).each(function( index, element )\r\n          {\r\n            var newitem = '<a data-aos=\"fade-up\" href=\"' + element['realisatie_permalink'] + '\"><div><div class=\"realisatie-image\" style=\"background-image: url(' + element['realisatie_image'] + ');\"><\/div><div class=\"realisatie-content\"><h4>' + element['post_title'] + '<\/h4><p>' + element['realisatie_excerpt'] + '<\/p><span>' + element['realisatie_readmore'] + '<\/span><\/div><\/div><\/a>';\r\n            $( \".loop-realisaties\" ).append(newitem);\r\n          });\r\n\r\n          if (response['totalpages'] <= page)\r\n          {\r\n             $('.knop-loadmore').css('display', 'none');\r\n          }\r\n          page++;\r\n          $('.knop-loadmore .load_realisaties').removeClass('loading');\r\n         }\r\n       });\r\n    });\r\n  });\r\n<\/script>\r\n<\/div><\/div><\/div><\/div><div id=\"pg-gb503-69f545f5bdc67-3\"  class=\"panel-grid panel-has-style\" ><div class=\"square lines-right lines-longtext siteorigin-panels-stretch panel-row-style panel-row-style-for-gb503-69f545f5bdc67-3\" id=\"events\" data-stretch-type=\"full-width-stretch\" ><div id=\"pgc-gb503-69f545f5bdc67-3-0\"  class=\"panel-grid-cell\" ><div id=\"panel-gb503-69f545f5bdc67-3-0-0\" class=\"widget_text so-panel widget widget_custom_html panel-first-child panel-last-child\" data-index=\"5\" ><div class=\"widget_text panel-widget-style panel-widget-style-for-gb503-69f545f5bdc67-3-0-0\" ><div class=\"textwidget custom-html-widget\"><\/div><\/div><\/div><\/div><div id=\"pgc-gb503-69f545f5bdc67-3-1\"  class=\"panel-grid-cell\" ><div id=\"panel-gb503-69f545f5bdc67-3-1-0\" class=\"so-panel widget widget_sow-editor panel-first-child panel-last-child\" data-index=\"6\" ><div class=\"knop panel-widget-style panel-widget-style-for-gb503-69f545f5bdc67-3-1-0\" ><div\n\t\t\t\n\t\t\tclass=\"so-widget-sow-editor so-widget-sow-editor-base\"\n\t\t\t\n\t\t>\n<div class=\"siteorigin-widget-tinymce textwidget\">\n\t<h2 style=\"text-align: left;\">Nos \u00e9v\u00e9nements<\/h2>\n<p>En tant que soci\u00e9t\u00e9 informatique des chemins de fer belges, nous sommes heureux d\u2019innover en permanence.<br \/>\nNous le faisons notamment par le biais de nos \u00e9v\u00e9nements, qui nous permettent de trouver de nouvelles id\u00e9es ou de partager nos exp\u00e9riences.<\/p>\n<p><a href=\"https:\/\/www.ypto.be\/fr\/hackathon\/\">Hackathon<\/a><\/p>\n<\/div>\n<\/div><\/div><\/div><\/div><\/div><\/div><div id=\"pg-gb503-69f545f5bdc67-4\"  class=\"panel-grid panel-has-style\" ><div class=\"square quote lines-left siteorigin-panels-stretch panel-row-style panel-row-style-for-gb503-69f545f5bdc67-4\" data-stretch-type=\"full-width-stretch\" ><div id=\"pgc-gb503-69f545f5bdc67-4-0\"  class=\"panel-grid-cell\" ><div id=\"panel-gb503-69f545f5bdc67-4-0-0\" class=\"so-panel widget widget_sow-editor panel-first-child panel-last-child\" data-index=\"7\" ><div class=\"knop panel-widget-style panel-widget-style-for-gb503-69f545f5bdc67-4-0-0\" ><div\n\t\t\t\n\t\t\tclass=\"so-widget-sow-editor so-widget-sow-editor-base\"\n\t\t\t\n\t\t>\n<div class=\"siteorigin-widget-tinymce textwidget\">\n\t<h2><span class=\"NormalTextRun BCX0 SCXW62120356\">Jamal\u00a0<\/span><span class=\"SpellingError BCX0 SCXW62120356\">Amqrane<\/span>,<br \/>\n<span class=\"NormalTextRun SCXW17608026 BCX0\">IT Security Officer<\/span><span class=\"NormalTextRun SCXW17608026 BCX0\">\u00a0chez\u00a0<\/span><span class=\"SpellingError SCXW17608026 BCX0\">Ypto<\/span><\/h2>\n<p><span class=\"NormalTextRun BCX0 SCXW46957211\">Ce que j\u2019aime chez\u00a0<\/span><span class=\"SpellingError BCX0 SCXW46957211\">Ypto<\/span><span class=\"NormalTextRun BCX0 SCXW46957211\">\u00a0c\u2019est le fait que les choses ne soient pas statiques,\u00a0<\/span><span class=\"SpellingError BCX0 SCXW46957211\">Ypto<\/span><span class=\"NormalTextRun BCX0 SCXW46957211\">\u00a0et SNCB sont en perp\u00e9tuelle \u00e9volution. Apr\u00e8s quelques ann\u00e9es chez\u00a0<\/span><span class=\"SpellingError BCX0 SCXW46957211\">Ypto<\/span><span class=\"NormalTextRun BCX0 SCXW46957211\">, j\u2019ai pu voir beaucoup d\u2019am\u00e9liorations, que ce soit au niveau des process ou au niveau de la s\u00e9curit\u00e9 globale. Et je suis fier d\u2019y avoir particip\u00e9 et d\u2019y participer encore jour apr\u00e8s jour. Ensemble, nous assurons la protection de la SNCB, de ses collaborateurs ainsi que de ses clients.<\/span><\/p>\n<p><a href=\"https:\/\/www.ypto.be\/fr\/nos-activites\/\"><span class=\"TextRun SCXW135488474 BCX0\" lang=\"FR-FR\" xml:lang=\"FR-FR\" data-contrast=\"auto\"><span class=\"NormalTextRun SCXW135488474 BCX0\">En savoir plus sur nos activit\u00e9s<\/span><\/span><\/a><\/p>\n<\/div>\n<\/div><\/div><\/div><\/div><div id=\"pgc-gb503-69f545f5bdc67-4-1\"  class=\"panel-grid-cell\" ><div id=\"panel-gb503-69f545f5bdc67-4-1-0\" class=\"widget_text so-panel widget widget_custom_html panel-first-child panel-last-child\" data-index=\"8\" ><div class=\"widget_text panel-widget-style panel-widget-style-for-gb503-69f545f5bdc67-4-1-0\" ><div class=\"textwidget custom-html-widget\"><\/div><\/div><\/div><\/div><\/div><\/div><\/div>\n\n<div id=\"pl-gb503-69f545f5ce79b\"  class=\"panel-layout\" ><div id=\"pg-gb503-69f545f5ce79b-0\"  class=\"panel-grid panel-has-style\" ><div class=\"intro lines-right-blue siteorigin-panels-stretch panel-row-style panel-row-style-for-gb503-69f545f5ce79b-0\" data-stretch-type=\"full-width-stretch\" ><div id=\"pgc-gb503-69f545f5ce79b-0-0\"  class=\"panel-grid-cell\" ><div id=\"panel-gb503-69f545f5ce79b-0-0-0\" class=\"so-panel widget widget_sow-editor panel-first-child\" data-index=\"0\" ><div class=\"container panel-widget-style panel-widget-style-for-gb503-69f545f5ce79b-0-0-0\" ><div\n\t\t\t\n\t\t\tclass=\"so-widget-sow-editor so-widget-sow-editor-base\"\n\t\t\t\n\t\t>\n<div class=\"siteorigin-widget-tinymce textwidget\">\n\t<h3 style=\"text-align: center;\"><span class=\"TextRun Highlight MacChromeBold SCXW81590678 BCX0\" lang=\"FR-FR\" xml:lang=\"FR-FR\" data-contrast=\"auto\"><span class=\"NormalTextRun CommentStart SCXW81590678 BCX0\" data-ccp-parastyle=\"heading 1\">Offres d\u2019emploi \u00e0 la une<\/span><\/span><span class=\"EOP SCXW81590678 BCX0\" data-ccp-props=\"{&quot;201341983&quot;:0,&quot;335559738&quot;:240,&quot;335559739&quot;:0,&quot;335559740&quot;:259}\">\u00a0<\/span><\/h3>\n<p style=\"text-align: center;\"><span class=\"TextRun Highlight SCXW761556 BCX0\" lang=\"FR-FR\" xml:lang=\"FR-FR\" data-contrast=\"auto\"><span class=\"NormalTextRun SCXW761556 BCX0\">Vous souhaitez participer \u00e0 la transformation num\u00e9rique de la SNCB\u202f? Une offre d\u2019emploi correspond peut-\u00eatre \u00e0 votre profil\u202f!<\/span><\/span><span class=\"EOP SCXW761556 BCX0\" data-ccp-props=\"{&quot;201341983&quot;:0,&quot;335559739&quot;:160,&quot;335559740&quot;:259}\">\u00a0<\/span><\/p>\n<\/div>\n<\/div><\/div><\/div><div id=\"panel-gb503-69f545f5ce79b-0-0-1\" class=\"so-panel widget widget_siteorigin-panels-postloop\" data-index=\"1\" >\r\n<div class=\"loop-vacatures\">\r\n      <p style=\"text-align: center; margin-bottom: -20px;\" class=\"knop-blauw\">\r\n      <a href=\"https:\/\/www.ypto.be\/fr\/vacature\/?id=8408\" class=\"offer-link\">Candidature spontan\u00e9e<\/a>\r\n    <\/p>\r\n  <\/div>\r\n<\/div><div id=\"panel-gb503-69f545f5ce79b-0-0-2\" class=\"so-panel widget widget_sow-editor panel-last-child\" data-index=\"2\" ><div class=\"knop-blauw panel-widget-style panel-widget-style-for-gb503-69f545f5ce79b-0-0-2\" ><div\n\t\t\t\n\t\t\tclass=\"so-widget-sow-editor so-widget-sow-editor-base\"\n\t\t\t\n\t\t>\n<div class=\"siteorigin-widget-tinymce textwidget\">\n\t<p style=\"text-align: center;\"><a href=\"https:\/\/www.ypto.be\/fr\/offres-demploi\/\"><span class=\"TextRun Highlight SCXW71093545 BCX0\" lang=\"FR-BE\" xml:lang=\"FR-BE\" data-contrast=\"auto\"><span class=\"NormalTextRun SCXW71093545 BCX0\">Consulter nos offres d\u2019emploi<\/span><\/span><\/a><\/p>\n<\/div>\n<\/div><\/div><\/div><\/div><\/div><\/div><\/div>","protected":false},"excerpt":{"rendered":"","protected":false},"author":1,"featured_media":0,"parent":0,"menu_order":24,"comment_status":"closed","ping_status":"closed","template":"","meta":{"footnotes":""},"class_list":["post-503","page","type-page","status-publish","hentry"],"yoast_head":"<!-- This site is optimized with the Yoast SEO plugin v27.5 - https:\/\/yoast.com\/product\/yoast-seo-wordpress\/ -->\n<title>Ypto \u2013 nos projets et r\u00e9alisations<\/title>\n<meta name=\"description\" content=\"Chez Ypto, nos projets et r\u00e9alisations ont un effet tangible sur le fonctionnement de la SNCB. D\u00e9couvrez toutes nos r\u00e9alisations ici.\" \/>\n<meta name=\"robots\" content=\"index, follow, max-snippet:-1, max-image-preview:large, max-video-preview:-1\" \/>\n<link rel=\"canonical\" href=\"https:\/\/www.ypto.be\/fr\/nos-realisations\/\" \/>\n<meta property=\"og:locale\" content=\"fr_FR\" \/>\n<meta property=\"og:type\" content=\"article\" \/>\n<meta property=\"og:title\" content=\"Ypto \u2013 nos projets et r\u00e9alisations\" \/>\n<meta property=\"og:description\" content=\"Chez Ypto, nos projets et r\u00e9alisations ont un effet tangible sur le fonctionnement de la SNCB. D\u00e9couvrez toutes nos r\u00e9alisations ici.\" \/>\n<meta property=\"og:url\" content=\"https:\/\/www.ypto.be\/fr\/nos-realisations\/\" \/>\n<meta property=\"og:site_name\" content=\"YPTO\" \/>\n<meta property=\"article:modified_time\" content=\"2023-12-21T14:52:20+00:00\" \/>\n<meta name=\"twitter:card\" content=\"summary_large_image\" \/>\n<meta name=\"twitter:label1\" content=\"Dur\u00e9e de lecture estim\u00e9e\" \/>\n\t<meta name=\"twitter:data1\" content=\"2 minutes\" \/>\n<script type=\"application\/ld+json\" class=\"yoast-schema-graph\">{\"@context\":\"https:\\\/\\\/schema.org\",\"@graph\":[{\"@type\":\"WebPage\",\"@id\":\"https:\\\/\\\/www.ypto.be\\\/fr\\\/nos-realisations\\\/\",\"url\":\"https:\\\/\\\/www.ypto.be\\\/fr\\\/nos-realisations\\\/\",\"name\":\"Ypto \u2013 nos projets et r\u00e9alisations\",\"isPartOf\":{\"@id\":\"https:\\\/\\\/www.ypto.be\\\/fr\\\/#website\"},\"datePublished\":\"2021-08-24T10:32:28+00:00\",\"dateModified\":\"2023-12-21T14:52:20+00:00\",\"description\":\"Chez Ypto, nos projets et r\u00e9alisations ont un effet tangible sur le fonctionnement de la SNCB. D\u00e9couvrez toutes nos r\u00e9alisations ici.\",\"breadcrumb\":{\"@id\":\"https:\\\/\\\/www.ypto.be\\\/fr\\\/nos-realisations\\\/#breadcrumb\"},\"inLanguage\":\"fr-FR\",\"potentialAction\":[{\"@type\":\"ReadAction\",\"target\":[\"https:\\\/\\\/www.ypto.be\\\/fr\\\/nos-realisations\\\/\"]}]},{\"@type\":\"BreadcrumbList\",\"@id\":\"https:\\\/\\\/www.ypto.be\\\/fr\\\/nos-realisations\\\/#breadcrumb\",\"itemListElement\":[{\"@type\":\"ListItem\",\"position\":1,\"name\":\"Home\",\"item\":\"https:\\\/\\\/www.ypto.be\\\/fr\\\/\"},{\"@type\":\"ListItem\",\"position\":2,\"name\":\"Nos r\u00e9alisations\"}]},{\"@type\":\"WebSite\",\"@id\":\"https:\\\/\\\/www.ypto.be\\\/fr\\\/#website\",\"url\":\"https:\\\/\\\/www.ypto.be\\\/fr\\\/\",\"name\":\"YPTO\",\"description\":\"\",\"potentialAction\":[{\"@type\":\"SearchAction\",\"target\":{\"@type\":\"EntryPoint\",\"urlTemplate\":\"https:\\\/\\\/www.ypto.be\\\/fr\\\/?s={search_term_string}\"},\"query-input\":{\"@type\":\"PropertyValueSpecification\",\"valueRequired\":true,\"valueName\":\"search_term_string\"}}],\"inLanguage\":\"fr-FR\"}]}<\/script>\n<!-- \/ Yoast SEO plugin. -->","yoast_head_json":{"title":"Ypto \u2013 nos projets et r\u00e9alisations","description":"Chez Ypto, nos projets et r\u00e9alisations ont un effet tangible sur le fonctionnement de la SNCB. D\u00e9couvrez toutes nos r\u00e9alisations ici.","robots":{"index":"index","follow":"follow","max-snippet":"max-snippet:-1","max-image-preview":"max-image-preview:large","max-video-preview":"max-video-preview:-1"},"canonical":"https:\/\/www.ypto.be\/fr\/nos-realisations\/","og_locale":"fr_FR","og_type":"article","og_title":"Ypto \u2013 nos projets et r\u00e9alisations","og_description":"Chez Ypto, nos projets et r\u00e9alisations ont un effet tangible sur le fonctionnement de la SNCB. D\u00e9couvrez toutes nos r\u00e9alisations ici.","og_url":"https:\/\/www.ypto.be\/fr\/nos-realisations\/","og_site_name":"YPTO","article_modified_time":"2023-12-21T14:52:20+00:00","twitter_card":"summary_large_image","twitter_misc":{"Dur\u00e9e de lecture estim\u00e9e":"2 minutes"},"schema":{"@context":"https:\/\/schema.org","@graph":[{"@type":"WebPage","@id":"https:\/\/www.ypto.be\/fr\/nos-realisations\/","url":"https:\/\/www.ypto.be\/fr\/nos-realisations\/","name":"Ypto \u2013 nos projets et r\u00e9alisations","isPartOf":{"@id":"https:\/\/www.ypto.be\/fr\/#website"},"datePublished":"2021-08-24T10:32:28+00:00","dateModified":"2023-12-21T14:52:20+00:00","description":"Chez Ypto, nos projets et r\u00e9alisations ont un effet tangible sur le fonctionnement de la SNCB. D\u00e9couvrez toutes nos r\u00e9alisations ici.","breadcrumb":{"@id":"https:\/\/www.ypto.be\/fr\/nos-realisations\/#breadcrumb"},"inLanguage":"fr-FR","potentialAction":[{"@type":"ReadAction","target":["https:\/\/www.ypto.be\/fr\/nos-realisations\/"]}]},{"@type":"BreadcrumbList","@id":"https:\/\/www.ypto.be\/fr\/nos-realisations\/#breadcrumb","itemListElement":[{"@type":"ListItem","position":1,"name":"Home","item":"https:\/\/www.ypto.be\/fr\/"},{"@type":"ListItem","position":2,"name":"Nos r\u00e9alisations"}]},{"@type":"WebSite","@id":"https:\/\/www.ypto.be\/fr\/#website","url":"https:\/\/www.ypto.be\/fr\/","name":"YPTO","description":"","potentialAction":[{"@type":"SearchAction","target":{"@type":"EntryPoint","urlTemplate":"https:\/\/www.ypto.be\/fr\/?s={search_term_string}"},"query-input":{"@type":"PropertyValueSpecification","valueRequired":true,"valueName":"search_term_string"}}],"inLanguage":"fr-FR"}]}},"_links":{"self":[{"href":"https:\/\/www.ypto.be\/fr\/wp-json\/wp\/v2\/pages\/503","targetHints":{"allow":["GET"]}}],"collection":[{"href":"https:\/\/www.ypto.be\/fr\/wp-json\/wp\/v2\/pages"}],"about":[{"href":"https:\/\/www.ypto.be\/fr\/wp-json\/wp\/v2\/types\/page"}],"author":[{"embeddable":true,"href":"https:\/\/www.ypto.be\/fr\/wp-json\/wp\/v2\/users\/1"}],"replies":[{"embeddable":true,"href":"https:\/\/www.ypto.be\/fr\/wp-json\/wp\/v2\/comments?post=503"}],"version-history":[{"count":13,"href":"https:\/\/www.ypto.be\/fr\/wp-json\/wp\/v2\/pages\/503\/revisions"}],"predecessor-version":[{"id":2323,"href":"https:\/\/www.ypto.be\/fr\/wp-json\/wp\/v2\/pages\/503\/revisions\/2323"}],"wp:attachment":[{"href":"https:\/\/www.ypto.be\/fr\/wp-json\/wp\/v2\/media?parent=503"}],"curies":[{"name":"wp","href":"https:\/\/api.w.org\/{rel}","templated":true}]}}