{"id":830,"date":"2021-09-27T08:50:46","date_gmt":"2021-09-27T07:50:46","guid":{"rendered":"https:\/\/www.ypto.be\/?page_id=830"},"modified":"2025-06-26T15:36:50","modified_gmt":"2025-06-26T14:36:50","slug":"home","status":"publish","type":"page","link":"https:\/\/www.ypto.be\/fr\/","title":{"rendered":"Home"},"content":{"rendered":"<div id=\"pl-gb830-69d300afc73be\"  class=\"panel-layout wp-block-siteorigin-panels-layout-block\" ><div id=\"pg-gb830-69d300afc73be-0\"  class=\"panel-grid panel-has-style\" ><div class=\"homepage-slider lines-right siteorigin-panels-stretch panel-row-style panel-row-style-for-gb830-69d300afc73be-0\" data-stretch-type=\"full-width-stretch\" ><div id=\"pgc-gb830-69d300afc73be-0-0\"  class=\"panel-grid-cell\" ><\/div><\/div><\/div><div id=\"pg-gb830-69d300afc73be-1\"  class=\"panel-grid panel-has-style\" ><div class=\"square switch-mobile siteorigin-panels-stretch panel-row-style panel-row-style-for-gb830-69d300afc73be-1\" data-stretch-type=\"full-width-stretch\" ><div id=\"pgc-gb830-69d300afc73be-1-0\"  class=\"panel-grid-cell\" ><div id=\"panel-gb830-69d300afc73be-1-0-0\" class=\"widget_text so-panel widget widget_custom_html panel-first-child panel-last-child\" data-index=\"1\" ><div class=\"widget_text panel-widget-style panel-widget-style-for-gb830-69d300afc73be-1-0-0\" ><div class=\"textwidget custom-html-widget\"><\/div><\/div><\/div><\/div><div id=\"pgc-gb830-69d300afc73be-1-1\"  class=\"panel-grid-cell\" ><div id=\"panel-gb830-69d300afc73be-1-1-0\" class=\"so-panel widget widget_sow-editor panel-first-child panel-last-child\" data-index=\"2\" ><div class=\"knop panel-widget-style panel-widget-style-for-gb830-69d300afc73be-1-1-0\" ><div\n\t\t\t\n\t\t\tclass=\"so-widget-sow-editor so-widget-sow-editor-base\"\n\t\t\t\n\t\t>\n<div class=\"siteorigin-widget-tinymce textwidget\">\n\t<p><span data-contrast=\"auto\">Avez-vous d\u00e9j\u00e0 achet\u00e9 un billet de train \u00e0 un distributeur ou via l\u2019application\u202f? Consultez-vous parfois les horaires de train sur les \u00e9crans des gares\u202f? Si tel est le cas, vous avez d\u00e9j\u00e0 crois\u00e9\u00a0Ypto\u00a0sans le savoir. Un collaborateur\u00a0Ypto\u00a0se cache en effet derri\u00e8re chaque \u00e9cran de la SNCB.<\/span><span data-ccp-props=\"{&quot;201341983&quot;:0,&quot;335559739&quot;:160,&quot;335559740&quot;:259}\">\u00a0<\/span><\/p>\n<p><span data-contrast=\"auto\">En tant que soci\u00e9t\u00e9 informatique de la SNCB, nous veillons \u00e0 ce que les chemins de fer belges puissent continuer \u00e0 aller de l\u2019avant et \u00e0 ce que vous, en tant que voyageur,\u00a0puissiez vous\u00a0d\u00e9placer de mani\u00e8re moderne et optimale.<\/span><span data-ccp-props=\"{&quot;201341983&quot;:0,&quot;335559739&quot;:160,&quot;335559740&quot;:259}\">\u00a0<\/span><\/p>\n<p><span data-contrast=\"auto\">Notre r\u00eave, l\u2019incidence de notre travail et la mani\u00e8re dont nous collaborons avec la SNCB vous intriguent\u202f?<\/span><span data-ccp-props=\"{&quot;201341983&quot;:0,&quot;335559739&quot;:160,&quot;335559740&quot;:259}\">\u00a0<\/span><\/p>\n<p><a href=\"https:\/\/www.ypto.be\/fr\/qui-sommes-nous\/\"><span class=\"TextRun Highlight BCX0 SCXW128735692\" lang=\"FR-FR\" xml:lang=\"FR-FR\" data-contrast=\"auto\"><span class=\"NormalTextRun BCX0 SCXW128735692\">En savoir plus sur qui nous sommes<\/span><\/span><\/a><\/p>\n<\/div>\n<\/div><\/div><\/div><\/div><\/div><\/div><div id=\"pg-gb830-69d300afc73be-2\"  class=\"panel-grid panel-has-style\" ><div class=\"square quote lines-left siteorigin-panels-stretch panel-row-style panel-row-style-for-gb830-69d300afc73be-2\" data-stretch-type=\"full-width-stretch\" ><div id=\"pgc-gb830-69d300afc73be-2-0\"  class=\"panel-grid-cell\" ><div id=\"panel-gb830-69d300afc73be-2-0-0\" class=\"so-panel widget widget_sow-editor panel-first-child panel-last-child\" data-index=\"3\" ><div class=\"knop panel-widget-style panel-widget-style-for-gb830-69d300afc73be-2-0-0\" ><div\n\t\t\t\n\t\t\tclass=\"so-widget-sow-editor so-widget-sow-editor-base\"\n\t\t\t\n\t\t>\n<div class=\"siteorigin-widget-tinymce textwidget\">\n\t<h2>Tim Appeltants,<br \/>\n<span class=\"TextRun Highlight SCXW231421974 BCX0\" lang=\"FR-BE\" xml:lang=\"FR-BE\" data-contrast=\"auto\"><span class=\"NormalTextRun CommentStart SCXW231421974 BCX0\">Application Owner<\/span><span class=\"NormalTextRun SCXW231421974 BCX0\">\u00a0<\/span><span class=\"SpellingError SCXW231421974 BCX0\">chez<\/span><span class=\"NormalTextRun SCXW231421974 BCX0\"> Ypto<\/span><\/span><\/h2>\n<p><span class=\"NormalTextRun BCX0 SCXW9358821\">Ypto<\/span><span class=\"NormalTextRun BCX0 SCXW9358821\">\u00a0me donne la libert\u00e9 de remplir mes missions en toute autonomie, \u00e0 partir de mon exp\u00e9rience et de mon expertise personnelles.\u00a0<\/span><span class=\"NormalTextRun BCX0 SCXW9358821\">Chez<\/span><span class=\"NormalTextRun BCX0 SCXW9358821\">\u00a0Ypto<\/span><span class=\"NormalTextRun BCX0 SCXW9358821\">, vous \u00eates appr\u00e9ci\u00e9 non seulement pour vos capacit\u00e9s, mais aussi pour votre personnalit\u00e9. La confiance mutuelle y r\u00e8gne en ma\u00eetre.<\/span><\/p>\n<p><a href=\"https:\/\/www.ypto.be\/fr\/nos-activites\/\"><span class=\"TextRun BCX0 SCXW62715701\" lang=\"FR-FR\" xml:lang=\"FR-FR\" data-contrast=\"auto\"><span class=\"NormalTextRun CommentStart BCX0 SCXW62715701\">En savoir plus sur nos activit\u00e9s<\/span><\/span><\/a><\/p>\n<\/div>\n<\/div><\/div><\/div><\/div><div id=\"pgc-gb830-69d300afc73be-2-1\"  class=\"panel-grid-cell\" ><div id=\"panel-gb830-69d300afc73be-2-1-0\" class=\"widget_text so-panel widget widget_custom_html panel-first-child panel-last-child\" data-index=\"4\" ><div class=\"widget_text panel-widget-style panel-widget-style-for-gb830-69d300afc73be-2-1-0\" ><div class=\"textwidget custom-html-widget\"><\/div><\/div><\/div><\/div><\/div><\/div><div id=\"pg-gb830-69d300afc73be-3\"  class=\"panel-grid panel-has-style\" ><div class=\"intro siteorigin-panels-stretch panel-row-style panel-row-style-for-gb830-69d300afc73be-3\" data-stretch-type=\"full-width-stretch\" ><div id=\"pgc-gb830-69d300afc73be-3-0\"  class=\"panel-grid-cell\" ><div id=\"panel-gb830-69d300afc73be-3-0-0\" class=\"so-panel widget widget_sow-editor panel-first-child\" data-index=\"5\" ><div class=\"container panel-widget-style panel-widget-style-for-gb830-69d300afc73be-3-0-0\" ><div\n\t\t\t\n\t\t\tclass=\"so-widget-sow-editor so-widget-sow-editor-base\"\n\t\t\t\n\t\t>\n<div class=\"siteorigin-widget-tinymce textwidget\">\n\t<h3 style=\"text-align: center;\"><span class=\"TextRun Highlight SCXW229358345 BCX0\" lang=\"FR-FR\" xml:lang=\"FR-FR\" data-contrast=\"none\"><span class=\"NormalTextRun SCXW229358345 BCX0\" data-ccp-parastyle=\"heading 1\">Nos domaines d\u2019activit\u00e9<\/span><\/span><\/h3>\n<p style=\"text-align: center;\"><span class=\"TextRun Highlight SCXW99958566 BCX0\" lang=\"FR-FR\" xml:lang=\"FR-FR\" data-contrast=\"auto\"><span class=\"NormalTextRun SCXW99958566 BCX0\">Pour mener \u00e0 bien sa mission,<\/span><span class=\"NormalTextRun SCXW99958566 BCX0\">\u00a0Ypto<\/span><span class=\"NormalTextRun SCXW99958566 BCX0\">\u00a0dispose en interne de sp\u00e9cialistes informatiques dont l\u2019expertise couvre des domaines allant de la cybers\u00e9curit\u00e9 \u00e0 l\u2019architecture informatique, en passant par la mise en \u0153uvre de l\u2019ERP et la confection d\u2019analyses. Notre entreprise peut \u00e9galement compter sur l\u2019\u00e9quipe \u00ab\u202fSolutions IT\u202f\u00bb et les personnes veillant au bon d\u00e9roulement des projets informatiques. Chaque professionnel de l\u2019informatique peut ainsi y trouver son bonheur.<\/span><\/span><span class=\"EOP SCXW99958566 BCX0\" data-ccp-props=\"{&quot;201341983&quot;:0,&quot;335551550&quot;:2,&quot;335551620&quot;:2,&quot;335559739&quot;:160,&quot;335559740&quot;:259}\">\u00a0<\/span><\/p>\n<\/div>\n<\/div><\/div><\/div><div id=\"panel-gb830-69d300afc73be-3-0-1\" class=\"so-panel widget widget_siteorigin-panels-postloop panel-last-child\" data-index=\"6\" >\r\n    <div class=\"loop loop-domeinen\">\r\n              <a href=\"https:\/\/www.ypto.be\/fr\/domaine-dactivit\u00e9\/solution-delivery\/\" class=\"domein\">\r\n          <div>\r\n            <div class=\"domein-icon\" style=\"background-image: url('https:\/\/www.ypto.be\/wp-content\/uploads\/2021\/08\/icon-it-analysis-1.svg');\">\r\n            <\/div>\r\n            <h4>Solution Delivery<\/h4>\r\n          <\/div>\r\n        <\/a>\r\n              <a href=\"https:\/\/www.ypto.be\/fr\/domaine-dactivit\u00e9\/it-project-management\/\" class=\"domein\">\r\n          <div>\r\n            <div class=\"domein-icon\" style=\"background-image: url('https:\/\/www.ypto.be\/wp-content\/uploads\/2021\/08\/icon-project-management.svg');\">\r\n            <\/div>\r\n            <h4>IT Project Management<\/h4>\r\n          <\/div>\r\n        <\/a>\r\n              <a href=\"https:\/\/www.ypto.be\/fr\/domaine-dactivit\u00e9\/it-architecture\/\" class=\"domein\">\r\n          <div>\r\n            <div class=\"domein-icon\" style=\"background-image: url('https:\/\/www.ypto.be\/wp-content\/uploads\/2021\/08\/icon-it-architecture.svg');\">\r\n            <\/div>\r\n            <h4>IT Architecture<\/h4>\r\n          <\/div>\r\n        <\/a>\r\n              <a href=\"https:\/\/www.ypto.be\/fr\/domaine-dactivit\u00e9\/erp-data-management\/\" class=\"domein\">\r\n          <div>\r\n            <div class=\"domein-icon\" style=\"background-image: url('https:\/\/www.ypto.be\/wp-content\/uploads\/2021\/08\/icon-erp.svg');\">\r\n            <\/div>\r\n            <h4>ERP &#038; Data Management<\/h4>\r\n          <\/div>\r\n        <\/a>\r\n              <a href=\"https:\/\/www.ypto.be\/fr\/domaine-dactivit\u00e9\/it-security\/\" class=\"domein\">\r\n          <div>\r\n            <div class=\"domein-icon\" style=\"background-image: url('https:\/\/www.ypto.be\/wp-content\/uploads\/2021\/08\/icon-it-security.svg');\">\r\n            <\/div>\r\n            <h4>IT Security<\/h4>\r\n          <\/div>\r\n        <\/a>\r\n              <a href=\"https:\/\/www.ypto.be\/fr\/domaine-dactivit\u00e9\/infrastructure-operations-services\/\" class=\"domein\">\r\n          <div>\r\n            <div class=\"domein-icon\" style=\"background-image: url('https:\/\/www.ypto.be\/wp-content\/uploads\/2021\/08\/icon-operations.svg');\">\r\n            <\/div>\r\n            <h4>Infrastructure &#038; Operations Services<\/h4>\r\n          <\/div>\r\n        <\/a>\r\n          <\/div>\r\n\r\n<script type=\"text\/javascript\">\r\n  $(document).ready(function(){\r\n    var jobdomeinenToShow = 4;\r\n    var initialSlide = 2;\r\n    var centerPadding = '150px';\r\n\r\n    if ($(window).width() < 1600)\r\n    {\r\n      jobdomeinenToShow = 3;\r\n      initialSlide = 1;\r\n    }\r\n    if ($(window).width() < 1200)\r\n    {\r\n      jobdomeinenToShow = 2;\r\n      initialSlide = 1;\r\n    }\r\n    if ($(window).width() < 992)\r\n    {\r\n      jobdomeinenToShow = 1;\r\n      initialSlide = 0;\r\n      centerPadding = '100px';\r\n    }\r\n    if ($(window).width() < 450)\r\n    {\r\n      jobdomeinenToShow = 1;\r\n      initialSlide = 0;\r\n      centerPadding = '50px';\r\n    }\r\n\r\n    $('.loop-domeinen').slick({\r\n      arrows: true,\r\n      prevArrow: '<div class=\"slick-prev-arrow\"><\/div>',\r\n      nextArrow: '<div class=\"slick-next-arrow\"><\/div>',\r\n      centerMode: true,\r\n      centerPadding: centerPadding,\r\n      infinite: false,\r\n      slidesToShow: jobdomeinenToShow,\r\n      swipeToSlide: true,\r\n      initialSlide: initialSlide,\r\n      touchThreshold : 100\r\n    });\r\n\r\n    $('.loop-domeinen').on('wheel', (function(e) {\r\n      e.preventDefault();\r\n\r\n      if (e.originalEvent.deltaY < 0) {\r\n        $(this).slick('slickPrev');\r\n      } else {\r\n        $(this).slick('slickNext');\r\n      }\r\n    }));\r\n  });\r\n<\/script>\r\n<\/div><\/div><\/div><\/div><div id=\"pg-gb830-69d300afc73be-4\"  class=\"panel-grid panel-has-style\" ><div class=\"background lines-top-right siteorigin-panels-stretch panel-row-style panel-row-style-for-gb830-69d300afc73be-4\" data-stretch-type=\"full\" ><div id=\"pgc-gb830-69d300afc73be-4-0\"  class=\"panel-grid-cell panel-grid-cell-mobile-last\" ><div id=\"panel-gb830-69d300afc73be-4-0-0\" class=\"so-panel widget widget_sow-editor panel-first-child panel-last-child\" data-index=\"7\" ><div class=\"knop panel-widget-style panel-widget-style-for-gb830-69d300afc73be-4-0-0\" ><div\n\t\t\t\n\t\t\tclass=\"so-widget-sow-editor so-widget-sow-editor-base\"\n\t\t\t\n\t\t>\n<div class=\"siteorigin-widget-tinymce textwidget\">\n\t<h2>Nos r\u00e9alisations<\/h2>\n<p><span class=\"TextRun SCXW213969352 BCX0\" lang=\"FR-FR\" xml:lang=\"FR-FR\" data-contrast=\"auto\"><span class=\"NormalTextRun SCXW213969352 BCX0\">En tant que d\u00e9partement IT de la SNCB,<\/span><span class=\"NormalTextRun SCXW213969352 BCX0\">\u00a0Ypto<\/span><span class=\"NormalTextRun SCXW213969352 BCX0\"> travaille sur de nombreux projets. Avec nos coll\u00e8gues de la SNCB et de TCS, notre partenaire informatique, nous num\u00e9risons et apportons des innovations \u00e0 l\u2019exp\u00e9rience de voyage de quelque 250\u202fmillions de passagers et \u00e0 l\u2019exp\u00e9rience professionnelle de 17\u202f500\u202fcollaborateurs SNCB. Envie de conna\u00eetre les projets sur lesquels nous travaillons\u202f? Vous trouverez ici quelques-unes de nos nombreuses r\u00e9alisations\u202f!<\/span><\/span><\/p>\n<p><a href=\"https:\/\/www.ypto.be\/fr\/nos-realisations\/\"><span class=\"TextRun Highlight BCX0 SCXW182469969\" lang=\"FR-FR\" xml:lang=\"FR-FR\" data-contrast=\"auto\"><span class=\"NormalTextRun BCX0 SCXW182469969\">D\u00e9couvrir nos r\u00e9alisations<\/span><\/span><\/a><\/p>\n<\/div>\n<\/div><\/div><\/div><\/div><div id=\"pgc-gb830-69d300afc73be-4-1\"  class=\"panel-grid-cell panel-grid-cell-empty\" ><\/div><\/div><\/div><\/div>\n\n<div id=\"pl-gb830-69d300afe2f9b\"  class=\"panel-layout\" ><div id=\"pg-gb830-69d300afe2f9b-0\"  class=\"panel-grid panel-has-style\" ><div class=\"intro lines-right-blue siteorigin-panels-stretch panel-row-style panel-row-style-for-gb830-69d300afe2f9b-0\" data-stretch-type=\"full-width-stretch\" ><div id=\"pgc-gb830-69d300afe2f9b-0-0\"  class=\"panel-grid-cell\" ><div id=\"panel-gb830-69d300afe2f9b-0-0-0\" class=\"so-panel widget widget_sow-editor panel-first-child\" data-index=\"0\" ><div class=\"container panel-widget-style panel-widget-style-for-gb830-69d300afe2f9b-0-0-0\" ><div\n\t\t\t\n\t\t\tclass=\"so-widget-sow-editor so-widget-sow-editor-base\"\n\t\t\t\n\t\t>\n<div class=\"siteorigin-widget-tinymce textwidget\">\n\t<h3 style=\"text-align: center;\"><span class=\"TextRun Highlight MacChromeBold SCXW81590678 BCX0\" lang=\"FR-FR\" xml:lang=\"FR-FR\" data-contrast=\"auto\"><span class=\"NormalTextRun CommentStart SCXW81590678 BCX0\" data-ccp-parastyle=\"heading 1\">Offres d\u2019emploi \u00e0 la une<\/span><\/span><span class=\"EOP SCXW81590678 BCX0\" data-ccp-props=\"{&quot;201341983&quot;:0,&quot;335559738&quot;:240,&quot;335559739&quot;:0,&quot;335559740&quot;:259}\">\u00a0<\/span><\/h3>\n<p style=\"text-align: center;\"><span class=\"TextRun Highlight SCXW761556 BCX0\" lang=\"FR-FR\" xml:lang=\"FR-FR\" data-contrast=\"auto\"><span class=\"NormalTextRun SCXW761556 BCX0\">Vous souhaitez participer \u00e0 la transformation num\u00e9rique de la SNCB\u202f? Une offre d\u2019emploi correspond peut-\u00eatre \u00e0 votre profil\u202f!<\/span><\/span><span class=\"EOP SCXW761556 BCX0\" data-ccp-props=\"{&quot;201341983&quot;:0,&quot;335559739&quot;:160,&quot;335559740&quot;:259}\">\u00a0<\/span><\/p>\n<\/div>\n<\/div><\/div><\/div><div id=\"panel-gb830-69d300afe2f9b-0-0-1\" class=\"so-panel widget widget_siteorigin-panels-postloop\" data-index=\"1\" >\r\n<div class=\"loop-vacatures\">\r\n      <p style=\"text-align: center; margin-bottom: -20px;\" class=\"knop-blauw\">\r\n      <a href=\"https:\/\/www.ypto.be\/fr\/vacature\/?id=8408\" class=\"offer-link\">Candidature spontan\u00e9e<\/a>\r\n    <\/p>\r\n  <\/div>\r\n<\/div><div id=\"panel-gb830-69d300afe2f9b-0-0-2\" class=\"so-panel widget widget_sow-editor panel-last-child\" data-index=\"2\" ><div class=\"knop-blauw panel-widget-style panel-widget-style-for-gb830-69d300afe2f9b-0-0-2\" ><div\n\t\t\t\n\t\t\tclass=\"so-widget-sow-editor so-widget-sow-editor-base\"\n\t\t\t\n\t\t>\n<div class=\"siteorigin-widget-tinymce textwidget\">\n\t<p style=\"text-align: center;\"><a href=\"https:\/\/www.ypto.be\/fr\/offres-demploi\/\"><span class=\"TextRun Highlight SCXW71093545 BCX0\" lang=\"FR-BE\" xml:lang=\"FR-BE\" data-contrast=\"auto\"><span class=\"NormalTextRun SCXW71093545 BCX0\">Consulter nos offres d\u2019emploi<\/span><\/span><\/a><\/p>\n<\/div>\n<\/div><\/div><\/div><\/div><\/div><\/div><\/div>","protected":false},"excerpt":{"rendered":"<p>Infrastructure &amp; Operations Services D\u00e9couvrir nos offres d\u2019emploi\u00a0 D\u2019une part, les \u00e9quipes d\u2019Operations fournissent un support informatique \u00e0 tous les collaborateurs SNCB. Ce support passe par le t\u00e9l\u00e9phone (pour les cas plus urgents) ou par une application bas\u00e9e sur l\u2019envoi de tickets (ServiceNow). D\u2019autre part, elles fournissent et assurent la maintenance des appareils g\u00e9r\u00e9s par\u00a0Ypto\u00a0dans [&hellip;]<\/p>\n","protected":false},"author":1,"featured_media":0,"parent":0,"menu_order":38,"comment_status":"closed","ping_status":"closed","template":"","meta":{"footnotes":""},"class_list":["post-830","page","type-page","status-publish","hentry"],"yoast_head":"<!-- This site is optimized with the Yoast SEO plugin v27.1.1 - https:\/\/yoast.com\/product\/yoast-seo-wordpress\/ -->\n<title>Ypto \u2013 l\u2019entreprise IT dans les coulisses de la SNCB<\/title>\n<meta name=\"description\" content=\"Ypto \u0153uvre en coulisse \u00e0 la transformation num\u00e9rique et \u00e0 l\u2019infrastructure ICT de la soci\u00e9t\u00e9 nationale des chemins de fer belges, la SNCB.\" \/>\n<meta name=\"robots\" content=\"index, follow, max-snippet:-1, max-image-preview:large, max-video-preview:-1\" \/>\n<link rel=\"canonical\" href=\"https:\/\/www.ypto.be\/fr\/\" \/>\n<meta property=\"og:locale\" content=\"fr_FR\" \/>\n<meta property=\"og:type\" content=\"article\" \/>\n<meta property=\"og:title\" content=\"Ypto \u2013 l\u2019entreprise IT dans les coulisses de la SNCB\" \/>\n<meta property=\"og:description\" content=\"Ypto \u0153uvre en coulisse \u00e0 la transformation num\u00e9rique et \u00e0 l\u2019infrastructure ICT de la soci\u00e9t\u00e9 nationale des chemins de fer belges, la SNCB.\" \/>\n<meta property=\"og:url\" content=\"https:\/\/www.ypto.be\/fr\/\" \/>\n<meta property=\"og:site_name\" content=\"YPTO\" \/>\n<meta property=\"article:modified_time\" content=\"2025-06-26T14:36:50+00:00\" \/>\n<meta name=\"twitter:card\" content=\"summary_large_image\" \/>\n<meta name=\"twitter:label1\" content=\"Dur\u00e9e de lecture estim\u00e9e\" \/>\n\t<meta name=\"twitter:data1\" content=\"3 minutes\" \/>\n<script type=\"application\/ld+json\" class=\"yoast-schema-graph\">{\"@context\":\"https:\/\/schema.org\",\"@graph\":[{\"@type\":\"WebPage\",\"@id\":\"https:\/\/www.ypto.be\/fr\/\",\"url\":\"https:\/\/www.ypto.be\/fr\/\",\"name\":\"Ypto \u2013 l\u2019entreprise IT dans les coulisses de la SNCB\",\"isPartOf\":{\"@id\":\"https:\/\/www.ypto.be\/fr\/#website\"},\"datePublished\":\"2021-09-27T07:50:46+00:00\",\"dateModified\":\"2025-06-26T14:36:50+00:00\",\"description\":\"Ypto \u0153uvre en coulisse \u00e0 la transformation num\u00e9rique et \u00e0 l\u2019infrastructure ICT de la soci\u00e9t\u00e9 nationale des chemins de fer belges, la SNCB.\",\"breadcrumb\":{\"@id\":\"https:\/\/www.ypto.be\/fr\/#breadcrumb\"},\"inLanguage\":\"fr-FR\",\"potentialAction\":[{\"@type\":\"ReadAction\",\"target\":[\"https:\/\/www.ypto.be\/fr\/\"]}]},{\"@type\":\"BreadcrumbList\",\"@id\":\"https:\/\/www.ypto.be\/fr\/#breadcrumb\",\"itemListElement\":[{\"@type\":\"ListItem\",\"position\":1,\"name\":\"Home\",\"item\":\"https:\/\/www.ypto.be\/fr\/\"},{\"@type\":\"ListItem\",\"position\":2,\"name\":\"Home\"}]},{\"@type\":\"WebSite\",\"@id\":\"https:\/\/www.ypto.be\/fr\/#website\",\"url\":\"https:\/\/www.ypto.be\/fr\/\",\"name\":\"YPTO\",\"description\":\"\",\"potentialAction\":[{\"@type\":\"SearchAction\",\"target\":{\"@type\":\"EntryPoint\",\"urlTemplate\":\"https:\/\/www.ypto.be\/fr\/?s={search_term_string}\"},\"query-input\":{\"@type\":\"PropertyValueSpecification\",\"valueRequired\":true,\"valueName\":\"search_term_string\"}}],\"inLanguage\":\"fr-FR\"}]}<\/script>\n<!-- \/ Yoast SEO plugin. -->","yoast_head_json":{"title":"Ypto \u2013 l\u2019entreprise IT dans les coulisses de la SNCB","description":"Ypto \u0153uvre en coulisse \u00e0 la transformation num\u00e9rique et \u00e0 l\u2019infrastructure ICT de la soci\u00e9t\u00e9 nationale des chemins de fer belges, la SNCB.","robots":{"index":"index","follow":"follow","max-snippet":"max-snippet:-1","max-image-preview":"max-image-preview:large","max-video-preview":"max-video-preview:-1"},"canonical":"https:\/\/www.ypto.be\/fr\/","og_locale":"fr_FR","og_type":"article","og_title":"Ypto \u2013 l\u2019entreprise IT dans les coulisses de la SNCB","og_description":"Ypto \u0153uvre en coulisse \u00e0 la transformation num\u00e9rique et \u00e0 l\u2019infrastructure ICT de la soci\u00e9t\u00e9 nationale des chemins de fer belges, la SNCB.","og_url":"https:\/\/www.ypto.be\/fr\/","og_site_name":"YPTO","article_modified_time":"2025-06-26T14:36:50+00:00","twitter_card":"summary_large_image","twitter_misc":{"Dur\u00e9e de lecture estim\u00e9e":"3 minutes"},"schema":{"@context":"https:\/\/schema.org","@graph":[{"@type":"WebPage","@id":"https:\/\/www.ypto.be\/fr\/","url":"https:\/\/www.ypto.be\/fr\/","name":"Ypto \u2013 l\u2019entreprise IT dans les coulisses de la SNCB","isPartOf":{"@id":"https:\/\/www.ypto.be\/fr\/#website"},"datePublished":"2021-09-27T07:50:46+00:00","dateModified":"2025-06-26T14:36:50+00:00","description":"Ypto \u0153uvre en coulisse \u00e0 la transformation num\u00e9rique et \u00e0 l\u2019infrastructure ICT de la soci\u00e9t\u00e9 nationale des chemins de fer belges, la SNCB.","breadcrumb":{"@id":"https:\/\/www.ypto.be\/fr\/#breadcrumb"},"inLanguage":"fr-FR","potentialAction":[{"@type":"ReadAction","target":["https:\/\/www.ypto.be\/fr\/"]}]},{"@type":"BreadcrumbList","@id":"https:\/\/www.ypto.be\/fr\/#breadcrumb","itemListElement":[{"@type":"ListItem","position":1,"name":"Home","item":"https:\/\/www.ypto.be\/fr\/"},{"@type":"ListItem","position":2,"name":"Home"}]},{"@type":"WebSite","@id":"https:\/\/www.ypto.be\/fr\/#website","url":"https:\/\/www.ypto.be\/fr\/","name":"YPTO","description":"","potentialAction":[{"@type":"SearchAction","target":{"@type":"EntryPoint","urlTemplate":"https:\/\/www.ypto.be\/fr\/?s={search_term_string}"},"query-input":{"@type":"PropertyValueSpecification","valueRequired":true,"valueName":"search_term_string"}}],"inLanguage":"fr-FR"}]}},"_links":{"self":[{"href":"https:\/\/www.ypto.be\/fr\/wp-json\/wp\/v2\/pages\/830","targetHints":{"allow":["GET"]}}],"collection":[{"href":"https:\/\/www.ypto.be\/fr\/wp-json\/wp\/v2\/pages"}],"about":[{"href":"https:\/\/www.ypto.be\/fr\/wp-json\/wp\/v2\/types\/page"}],"author":[{"embeddable":true,"href":"https:\/\/www.ypto.be\/fr\/wp-json\/wp\/v2\/users\/1"}],"replies":[{"embeddable":true,"href":"https:\/\/www.ypto.be\/fr\/wp-json\/wp\/v2\/comments?post=830"}],"version-history":[{"count":10,"href":"https:\/\/www.ypto.be\/fr\/wp-json\/wp\/v2\/pages\/830\/revisions"}],"predecessor-version":[{"id":2667,"href":"https:\/\/www.ypto.be\/fr\/wp-json\/wp\/v2\/pages\/830\/revisions\/2667"}],"wp:attachment":[{"href":"https:\/\/www.ypto.be\/fr\/wp-json\/wp\/v2\/media?parent=830"}],"curies":[{"name":"wp","href":"https:\/\/api.w.org\/{rel}","templated":true}]}}